{"id":19120,"date":"2023-09-04T13:29:13","date_gmt":"2023-09-04T12:29:13","guid":{"rendered":"https:\/\/e21.europeangayskiweek.com\/?page_id=19120"},"modified":"2024-07-24T16:05:33","modified_gmt":"2024-07-24T15:05:33","slug":"quotes-book-now","status":"publish","type":"page","link":"https:\/\/www.europeangayskiweek.com\/fr\/quotes-book-now\/","title":{"rendered":"R\u00e9servez"},"content":{"rendered":"<p><section class=\"kc-elm kc-css-123818 kc_row\"><div class=\"kc-row-container  kc-container\"><div class=\"kc-wrap-columns\"><div class=\"kc-elm kc-css-181777 kc_col-sm-12 kc_column kc_col-sm-12\"><div class=\"kc-col-container\"><div class=\"kc-elm kc-css-420278\" style=\"height: 60px; clear: both; width:100%;\"><\/div><div class=\"kc-elm kc-css-164684 kc_text_block\"><\/p>\n<h3 style=\"text-align: center;\">Comment r\u00e9server ?<\/h3>\n<p class=\"lead\" style=\"text-align: center;\">Il existe quatre choix distincts pour r\u00e9server<\/p>\n<p style=\"text-align: left;\">\n<\/div><\/div><\/div><\/div><\/div><\/section><section class=\"kc-elm kc-css-200235 kc_row\"><div class=\"kc-row-container  kc-container\"><div class=\"kc-wrap-columns\"><div class=\"kc-elm kc-css-168855 kc_col-sm-2 kc_column kc_col-sm-2\"><div class=\"kc-col-container\"><\/div><\/div><div class=\"kc-elm kc-css-785833 kc_col-sm-8 kc_column kc_col-sm-8\"><div class=\"kc-col-container\"><div class=\"kc-elm kc-css-32207 kc_text_block\"><\/p>\n<h1 style=\"text-align: center;\">Les devis et r\u00e9servations sont disponibles \u00e0 partir du 1er juillet 2021\u00a0\u00e0 midi<\/h1>\n<h3 style=\"text-align: center;\">Inscrivez-vous \u00e0 notre liste de diffusion et recevez un rappel lorsque les devis et r\u00e9servations s&#039;ouvrent<\/h3>\n<p>\n<\/div><\/div><\/div><div class=\"kc-elm kc-css-232581 kc_col-sm-2 kc_column kc_col-sm-2\"><div class=\"kc-col-container\"><\/div><\/div><\/div><\/div><\/section><section class=\"kc-elm kc-css-36307 kc_row\"><div class=\"kc-row-container  kc-container\"><div class=\"kc-wrap-columns\"><div class=\"kc-elm kc-css-777549 kc_col-sm-4 kc_column kc_col-sm-4\"><div class=\"kc-col-container\"><div class=\"kc-elm kc-css-546316\" style=\"height: 60px; clear: both; width:100%;\"><\/div><div class=\"kc-elm kc-css-356991 kc_shortcode kc_single_image\">\n\n        <img decoding=\"async\" src=\"https:\/\/cdn.europeangayskiweek.com\/wp\/uploads\/2019\/12\/formulas-1-a-la-carte.png\" class=\"\" alt=\"\" \/>    <\/div>\n<div class=\"kc-elm kc-css-178222 kc_text_block\"><\/p>\n<p style=\"text-align: center;\"><strong>Vous avez une chambre d&#039;h\u00f4tel ou un appartement exclusivement pour vous et vos amis.<\/strong><\/p>\n<h4 style=\"text-align: center;\"><span style=\"color: #800f0f;\"><strong>\u00c0 partir de 639 \u20ac<\/strong><\/span><\/h4>\n<p style=\"text-align: center;\">(En occupation simple dans un studio 2 personnes, pass \u00e9v\u00e9nement inclus)<\/p>\n<p style=\"text-align: gauche;\">\n<\/div><div class=\"kc-elm kc-css-220492\" style=\"height: 12px; clear: both; width:100%;\"><\/div>\n<div class=\"kc-elm kc-css-480619\">\n\t<a class=\"kc_button\" href=\"https:\/\/www.europeangayskiweek.com\/fr\/quotes-book-now-4\/\" target=\"_blank\" title=\"\" onclick=\"\">\n\t\tFaire un devis\t<\/a>\n<\/div>\n<div class=\"kc-elm kc-css-126371\" style=\"height: 12px; clear: both; width:100%;\"><\/div>\n<div class=\"kc-elm kc-css-418015\">\n\t<a class=\"kc_button\" href=\"https:\/\/www.europeangayskiweek.com\/fr\/quotes-book-now-2\/\" target=\"_blank\" title=\"\" onclick=\"\">\n\t\tR\u00e9server\t<\/a>\n<\/div>\n<\/div><\/div><div class=\"kc-elm kc-css-732497 kc_col-sm-4 kc_column kc_col-sm-4\"><div class=\"kc-col-container\"><div class=\"kc-elm kc-css-399973\" style=\"height: 60px; clear: both; width:100%;\"><\/div><div class=\"kc-elm kc-css-432671 kc_shortcode kc_single_image\">\n\n        <img decoding=\"async\" src=\"https:\/\/cdn.europeangayskiweek.com\/wp\/uploads\/2019\/12\/formulas-2-random-roommate.png\" class=\"\" alt=\"\" \/>    <\/div>\n<div class=\"kc-elm kc-css-675855 kc_text_block\"><\/p>\n<p style=\"text-align: center;\"><strong>Vous partagez une chambre d&#039;h\u00f4tel ou un appartement avec une autre personne.<\/strong><\/p>\n<h4 style=\"text-align: center;\"><span style=\"color: #800f0f;\"><strong>\u00c0 partir de 449 \u20ac<\/strong><\/span><\/h4>\n<p style=\"text-align: center;\">(partager un studio pour 3 personnes avec une autre personne, comprend le pass \u00e9v\u00e9nement)<\/p>\n<p style=\"text-align: gauche;\">\n<\/div><div class=\"kc-elm kc-css-706219\" style=\"height: 12px; clear: both; width:100%;\"><\/div>\n<div class=\"kc-elm kc-css-189345\">\n\t<a class=\"kc_button\" href=\"https:\/\/www.europeangayskiweek.com\/fr\/quotes-book-now-4\/\" target=\"_blank\" title=\"\" onclick=\"\">\n\t\tFaire un devis\t<\/a>\n<\/div>\n<div class=\"kc-elm kc-css-274784\" style=\"height: 12px; clear: both; width:100%;\"><\/div>\n<div class=\"kc-elm kc-css-375925\">\n\t<a class=\"kc_button\" href=\"https:\/\/www.europeangayskiweek.com\/fr\/quotes-book-now-2\/\" target=\"_blank\" title=\"\" onclick=\"\">\n\t\tR\u00e9server\t<\/a>\n<\/div>\n<\/div><\/div><div class=\"kc-elm kc-css-171466 kc_col-sm-4 kc_column kc_col-sm-4\"><div class=\"kc-col-container\"><div class=\"kc-elm kc-css-972152\" style=\"height: 60px; clear: both; width:100%;\"><\/div><div class=\"kc-elm kc-css-509911 kc_shortcode kc_single_image\">\n\n        <img decoding=\"async\" src=\"https:\/\/cdn.europeangayskiweek.com\/wp\/uploads\/2019\/12\/formulas-3-full-house-package.png\" class=\"\" alt=\"\" \/>    <\/div>\n<div class=\"kc-elm kc-css-558959 kc_text_block\"><\/p>\n<p style=\"text-align: center;\"><strong>Vous partagez un studio, un appartement ou une chambre d&#039;h\u00f4tel\u00a0: tous les lits sont occup\u00e9s<\/strong><\/p>\n<h4 style=\"text-align: center;\"><span style=\"color: #800f0f;\"><strong>\u00c0 partir de 279 \u20ac<\/strong><\/span><\/h4>\n<p style=\"text-align: center;\">(partageant un studio pour 4 personnes avec trois autres personnes, comprend le pass \u00e9v\u00e9nement)<\/p>\n<p style=\"text-align: gauche;\">\n<\/div><div class=\"kc-elm kc-css-453305\" style=\"height: 12px; clear: both; width:100%;\"><\/div>\n<div class=\"kc-elm kc-css-710990\">\n\t<a class=\"kc_button\" href=\"https:\/\/www.europeangayskiweek.com\/fr\/quotes-book-now-4\/\" target=\"_blank\" title=\"\" onclick=\"\">\n\t\tFaire un devis\t<\/a>\n<\/div>\n<div class=\"kc-elm kc-css-786060\" style=\"height: 12px; clear: both; width:100%;\"><\/div>\n<div class=\"kc-elm kc-css-995284\">\n\t<a class=\"kc_button\" href=\"https:\/\/www.europeangayskiweek.com\/fr\/quotes-book-now-2\/\" target=\"_blank\" title=\"\" onclick=\"\">\n\t\tR\u00e9server\t<\/a>\n<\/div>\n<\/div><\/div><\/div><\/div><\/section><section class=\"kc-elm kc-css-675266 kc_row\"><div class=\"kc-row-container  kc-container\"><div class=\"kc-wrap-columns\"><div class=\"kc-elm kc-css-449273 kc_col-sm-12 kc_column kc_col-sm-12\"><div class=\"kc-col-container\">\n<div class=\"kc-elm kc-css-115838 divider_line\">\n\t<div class=\"divider_inner divider_line1\">\n\t\t\t<\/div>\n<\/div>\n<div class=\"kc-elm kc-css-358752\" style=\"height: 75px; clear: both; width:100%;\"><\/div><\/div><\/div><\/div><\/div><\/section><section class=\"kc-elm kc-css-210487 kc_row\"><div class=\"kc-row-container  kc-container\"><div class=\"kc-wrap-columns\"><div class=\"kc-elm kc-css-649590 kc_col-sm-12 kc_column kc_col-sm-12\"><div class=\"kc-col-container\">\n<div class=\"kc-elm kc-css-722710 divider_line\">\n\t<div class=\"divider_inner divider_line1\">\n\t\t\t<\/div>\n<\/div>\n<div class=\"kc-elm kc-css-50017 kc_shortcode kc_single_image\">\n\n        <img decoding=\"async\" src=\"https:\/\/cdn.europeangayskiweek.com\/wp\/uploads\/2021\/06\/formulas-4-booking-without-accommodation.png\" class=\"\" alt=\"\" \/>    <\/div>\n<div class=\"kc-elm kc-css-867096\" style=\"height: 20px; clear: both; width:100%;\"><\/div><div class=\"kc-elm kc-css-990366 kc_text_block\"><\/p>\n<h5 style=\"text-align: center;\"><span style=\"font-style: Ensure;\">Attendez\u00a0!<\/span><\/h5>\n<p style=\"text-align: center;\"><span style=\"font-style: Heherit;\">Avant de r\u00e9server sans h\u00e9bergement<br \/>Avez-vous v\u00e9rifi\u00e9 notre promesse de prix\u00a0?<br \/>Nous garantissons les prix les plus bas sur l&#039;h\u00e9bergement<\/span><\/p>\n<p style=\"text-align: center;\"><span style=\"font-style: Heherit;\"><a href=\"https:\/\/www.europeangayskiweek.com\/the-accommodation\/accommodation-price-promise \/\"><img decoding=\"async\" class=\"size-thumbnail aligncenter\" src=\"https:\/\/cdn.europeangayskiweek.com\/wp\/uploads\/2019\/06\/BTN-pricepromise-50.png\" alt=\"\" width=\"250 \" hauteur=\"100\" \/><\/a><\/span><\/p>\n<p>\n<\/div>\n<div class=\"kc-elm kc-css-371684\">\n\t<a class=\"kc_button\" href=\"https:\/\/www.europeangayskiweek.com\/fr\/quotes-book-now-4\/\" target=\"_blank\" title=\"\" onclick=\"\">\n\t\tObtenez un devis \t<\/a>\n<\/div>\n<div class=\"kc-elm kc-css-690814\" style=\"height: 12px; clear: both; width:100%;\"><\/div>\n<div class=\"kc-elm kc-css-682559\">\n\t<a class=\"kc_button\" href=\"https:\/\/www.europeangayskiweek.com\/fr\/quotes-book-now-2-2-2\/\" target=\"_blank\" title=\"\" onclick=\"\">\n\t\tR\u00e9servez maintenant - Pass \u00e9v\u00e9nement, Forfait Ski  et\/ou Options suppl.\t<\/a>\n<\/div>\n<\/div><\/div><\/div><\/div><\/section><section class=\"kc-elm kc-css-764172 kc_row\"><div class=\"kc-row-container  kc-container\"><div class=\"kc-wrap-columns\"><div class=\"kc-elm kc-css-35089 kc_col-sm-12 kc_column kc_col-sm-12\"><div class=\"kc-col-container\"><div class=\"kc-elm kc-css-195212\" style=\"height: 0px; clear: both; width:100%;\"><\/div><\/div><\/div><\/div><\/div><\/section><\/p>\n","protected":false},"excerpt":{"rendered":"<p> [...]<\/p>\n<p><a class=\"btn btn-secondary understrap-read-more-link\" href=\"https:\/\/www.europeangayskiweek.com\/fr\/quotes-book-now\/\">Read More...<\/a><\/p>\n<p> [...]<\/p>\n<p><a class=\"btn btn-secondary understrap-read-more-link\" href=\"https:\/\/www.europeangayskiweek.com\/fr\/quotes-book-now\/\">Lire la suite\u2026<span class=\"screen-reader-text\"> from R\u00e9servez<\/span><\/a><\/p>\n","protected":false},"author":4,"featured_media":0,"parent":0,"menu_order":6,"comment_status":"closed","ping_status":"closed","template":"page-templates\/fullwidthpage-upto1440.php","meta":{"footnotes":""},"class_list":["post-19120","page","type-page","status-publish","hentry"],"yoast_head":"<!-- This site is optimized with the Yoast SEO plugin v26.4 - https:\/\/yoast.com\/wordpress\/plugins\/seo\/ -->\r\n<title>Europe&#039;s Biggest Gay Ski Week - 22 au 29 mars 2025<\/title>\r\n<meta name=\"description\" content=\"European Gay Ski Week, la plus grande semaine de ski gay d&#039;Europe, un brillant Apr\u00e8s, des spectacles fabuleux, un cabaret hilarant et des soir\u00e9es fantastiques.\" \/>\r\n<meta name=\"robots\" content=\"index, follow, max-snippet:-1, max-image-preview:large, max-video-preview:-1\" \/>\r\n<link rel=\"canonical\" href=\"https:\/\/www.europeangayskiweek.com\/fr\/quotes-book-now\/\" \/>\r\n<meta property=\"og:locale\" content=\"fr_FR\" \/>\r\n<meta property=\"og:type\" content=\"article\" \/>\r\n<meta property=\"og:title\" content=\"Europe&#039;s Biggest Gay Ski Week - 22 au 29 mars 2025\" \/>\r\n<meta property=\"og:description\" content=\"European Gay Ski Week, la plus grande semaine de ski gay d&#039;Europe, un brillant Apr\u00e8s, des spectacles fabuleux, un cabaret hilarant et des soir\u00e9es fantastiques.\" \/>\r\n<meta property=\"og:url\" content=\"https:\/\/www.europeangayskiweek.com\/fr\/quotes-book-now\/\" \/>\r\n<meta property=\"og:site_name\" content=\"Europe&#039;s Biggest Gay Ski Week | EGSW | 2026 Coming Soon\" \/>\r\n<meta property=\"article:publisher\" content=\"https:\/\/www.facebook.com\/EuropeanGaySkiWeek\/\" \/>\r\n<meta property=\"article:modified_time\" content=\"2024-07-24T15:05:33+00:00\" \/>\r\n<meta property=\"og:image\" content=\"https:\/\/cdn.europeangayskiweek.com\/wp\/uploads\/2020\/07\/facebook_og.jpg\" \/>\r\n\t<meta property=\"og:image:width\" content=\"1200\" \/>\r\n\t<meta property=\"og:image:height\" content=\"630\" \/>\r\n\t<meta property=\"og:image:type\" content=\"image\/jpeg\" \/>\r\n<meta name=\"twitter:card\" content=\"summary_large_image\" \/>\r\n<meta name=\"twitter:site\" content=\"@EuropeanGaySkiW\" \/>\r\n<meta name=\"twitter:label1\" content=\"Dur\u00e9e de lecture estim\u00e9e\" \/>\n\t<meta name=\"twitter:data1\" content=\"2 minutes\" \/>\r\n<script type=\"application\/ld+json\" class=\"yoast-schema-graph\">{\"@context\":\"https:\/\/schema.org\",\"@graph\":[{\"@type\":\"WebPage\",\"@id\":\"https:\/\/www.europeangayskiweek.com\/fr\/quotes-book-now\/\",\"url\":\"https:\/\/www.europeangayskiweek.com\/fr\/quotes-book-now\/\",\"name\":\"Europe's Biggest Gay Ski Week - 22 au 29 mars 2025\",\"isPartOf\":{\"@id\":\"https:\/\/www.europeangayskiweek.com\/#website\"},\"primaryImageOfPage\":{\"@id\":\"https:\/\/www.europeangayskiweek.com\/fr\/quotes-book-now\/#primaryimage\"},\"image\":{\"@id\":\"https:\/\/www.europeangayskiweek.com\/fr\/quotes-book-now\/#primaryimage\"},\"thumbnailUrl\":\"https:\/\/cdn.europeangayskiweek.com\/wp\/uploads\/2019\/12\/formulas-1-a-la-carte.png\",\"datePublished\":\"2023-09-04T12:29:13+00:00\",\"dateModified\":\"2024-07-24T15:05:33+00:00\",\"description\":\"European Gay Ski Week, la plus grande semaine de ski gay d'Europe, un brillant Apr\u00e8s, des spectacles fabuleux, un cabaret hilarant et des soir\u00e9es fantastiques.\",\"breadcrumb\":{\"@id\":\"https:\/\/www.europeangayskiweek.com\/fr\/quotes-book-now\/#breadcrumb\"},\"inLanguage\":\"fr-FR\",\"potentialAction\":[{\"@type\":\"ReadAction\",\"target\":[\"https:\/\/www.europeangayskiweek.com\/fr\/quotes-book-now\/\"]}]},{\"@type\":\"ImageObject\",\"inLanguage\":\"fr-FR\",\"@id\":\"https:\/\/www.europeangayskiweek.com\/fr\/quotes-book-now\/#primaryimage\",\"url\":\"https:\/\/cdn.europeangayskiweek.com\/wp\/uploads\/2019\/12\/formulas-1-a-la-carte.png\",\"contentUrl\":\"https:\/\/cdn.europeangayskiweek.com\/wp\/uploads\/2019\/12\/formulas-1-a-la-carte.png\"},{\"@type\":\"BreadcrumbList\",\"@id\":\"https:\/\/www.europeangayskiweek.com\/fr\/quotes-book-now\/#breadcrumb\",\"itemListElement\":[{\"@type\":\"ListItem\",\"position\":1,\"name\":\"Home\",\"item\":\"https:\/\/www.europeangayskiweek.com\/fr\/\"},{\"@type\":\"ListItem\",\"position\":2,\"name\":\"R\u00e9servez\"}]},{\"@type\":\"WebSite\",\"@id\":\"https:\/\/www.europeangayskiweek.com\/#website\",\"url\":\"https:\/\/www.europeangayskiweek.com\/\",\"name\":\"European Gay Ski Week | The Biggest Gay Winter Sports and Music Festival | Les Arcs Paradiski | 21-28 March 2020\",\"description\":\"Europe&#039;s N\u00b01 Gay Winter Sports &amp; Music Festival | Les Arcs - Arc 1950 &amp; Arc 2000 - Paradiski | European Gay Ski Week with International DJs &amp; Artists\",\"publisher\":{\"@id\":\"https:\/\/www.europeangayskiweek.com\/#organization\"},\"potentialAction\":[{\"@type\":\"SearchAction\",\"target\":{\"@type\":\"EntryPoint\",\"urlTemplate\":\"https:\/\/www.europeangayskiweek.com\/?s={search_term_string}\"},\"query-input\":{\"@type\":\"PropertyValueSpecification\",\"valueRequired\":true,\"valueName\":\"search_term_string\"}}],\"inLanguage\":\"fr-FR\"},{\"@type\":\"Organization\",\"@id\":\"https:\/\/www.europeangayskiweek.com\/#organization\",\"name\":\"European Gay Ski Week\",\"url\":\"https:\/\/www.europeangayskiweek.com\/\",\"logo\":{\"@type\":\"ImageObject\",\"inLanguage\":\"fr-FR\",\"@id\":\"https:\/\/www.europeangayskiweek.com\/#\/schema\/logo\/image\/\",\"url\":\"https:\/\/cdn.europeangayskiweek.com\/wp\/uploads\/2019\/06\/EGSW-Dateless-Black-02b.png\",\"contentUrl\":\"https:\/\/cdn.europeangayskiweek.com\/wp\/uploads\/2019\/06\/EGSW-Dateless-Black-02b.png\",\"width\":1346,\"height\":442,\"caption\":\"European Gay Ski Week\"},\"image\":{\"@id\":\"https:\/\/www.europeangayskiweek.com\/#\/schema\/logo\/image\/\"},\"sameAs\":[\"https:\/\/www.facebook.com\/EuropeanGaySkiWeek\/\",\"https:\/\/x.com\/EuropeanGaySkiW\",\"https:\/\/www.instagram.com\/europeangayskiweek\/\",\"https:\/\/www.youtube.com\/user\/JonHuntEGSW\"]}]}<\/script>\r\n<!-- \/ Yoast SEO plugin. -->","yoast_head_json":{"title":"Europe's Biggest Gay Ski Week - 22 au 29 mars 2025","description":"European Gay Ski Week, la plus grande semaine de ski gay d'Europe, un brillant Apr\u00e8s, des spectacles fabuleux, un cabaret hilarant et des soir\u00e9es fantastiques.","robots":{"index":"index","follow":"follow","max-snippet":"max-snippet:-1","max-image-preview":"max-image-preview:large","max-video-preview":"max-video-preview:-1"},"canonical":"https:\/\/www.europeangayskiweek.com\/fr\/quotes-book-now\/","og_locale":"fr_FR","og_type":"article","og_title":"Europe's Biggest Gay Ski Week - 22 au 29 mars 2025","og_description":"European Gay Ski Week, la plus grande semaine de ski gay d'Europe, un brillant Apr\u00e8s, des spectacles fabuleux, un cabaret hilarant et des soir\u00e9es fantastiques.","og_url":"https:\/\/www.europeangayskiweek.com\/fr\/quotes-book-now\/","og_site_name":"Europe&#039;s Biggest Gay Ski Week | EGSW | 2026 Coming Soon","article_publisher":"https:\/\/www.facebook.com\/EuropeanGaySkiWeek\/","article_modified_time":"2024-07-24T15:05:33+00:00","og_image":[{"width":1200,"height":630,"url":"https:\/\/cdn.europeangayskiweek.com\/wp\/uploads\/2020\/07\/facebook_og.jpg","type":"image\/jpeg"}],"twitter_card":"summary_large_image","twitter_site":"@EuropeanGaySkiW","twitter_misc":{"Dur\u00e9e de lecture estim\u00e9e":"2 minutes"},"schema":{"@context":"https:\/\/schema.org","@graph":[{"@type":"WebPage","@id":"https:\/\/www.europeangayskiweek.com\/fr\/quotes-book-now\/","url":"https:\/\/www.europeangayskiweek.com\/fr\/quotes-book-now\/","name":"Europe's Biggest Gay Ski Week - 22 au 29 mars 2025","isPartOf":{"@id":"https:\/\/www.europeangayskiweek.com\/#website"},"primaryImageOfPage":{"@id":"https:\/\/www.europeangayskiweek.com\/fr\/quotes-book-now\/#primaryimage"},"image":{"@id":"https:\/\/www.europeangayskiweek.com\/fr\/quotes-book-now\/#primaryimage"},"thumbnailUrl":"https:\/\/cdn.europeangayskiweek.com\/wp\/uploads\/2019\/12\/formulas-1-a-la-carte.png","datePublished":"2023-09-04T12:29:13+00:00","dateModified":"2024-07-24T15:05:33+00:00","description":"European Gay Ski Week, la plus grande semaine de ski gay d'Europe, un brillant Apr\u00e8s, des spectacles fabuleux, un cabaret hilarant et des soir\u00e9es fantastiques.","breadcrumb":{"@id":"https:\/\/www.europeangayskiweek.com\/fr\/quotes-book-now\/#breadcrumb"},"inLanguage":"fr-FR","potentialAction":[{"@type":"ReadAction","target":["https:\/\/www.europeangayskiweek.com\/fr\/quotes-book-now\/"]}]},{"@type":"ImageObject","inLanguage":"fr-FR","@id":"https:\/\/www.europeangayskiweek.com\/fr\/quotes-book-now\/#primaryimage","url":"https:\/\/cdn.europeangayskiweek.com\/wp\/uploads\/2019\/12\/formulas-1-a-la-carte.png","contentUrl":"https:\/\/cdn.europeangayskiweek.com\/wp\/uploads\/2019\/12\/formulas-1-a-la-carte.png"},{"@type":"BreadcrumbList","@id":"https:\/\/www.europeangayskiweek.com\/fr\/quotes-book-now\/#breadcrumb","itemListElement":[{"@type":"ListItem","position":1,"name":"Home","item":"https:\/\/www.europeangayskiweek.com\/fr\/"},{"@type":"ListItem","position":2,"name":"R\u00e9servez"}]},{"@type":"WebSite","@id":"https:\/\/www.europeangayskiweek.com\/#website","url":"https:\/\/www.europeangayskiweek.com\/","name":"European Gay Ski Week | The Biggest Gay Winter Sports and Music Festival | Les Arcs Paradiski | 21-28 March 2020","description":"Europe&#039;s N\u00b01 Gay Winter Sports &amp; Music Festival | Les Arcs - Arc 1950 &amp; Arc 2000 - Paradiski | European Gay Ski Week with International DJs &amp; Artists","publisher":{"@id":"https:\/\/www.europeangayskiweek.com\/#organization"},"potentialAction":[{"@type":"SearchAction","target":{"@type":"EntryPoint","urlTemplate":"https:\/\/www.europeangayskiweek.com\/?s={search_term_string}"},"query-input":{"@type":"PropertyValueSpecification","valueRequired":true,"valueName":"search_term_string"}}],"inLanguage":"fr-FR"},{"@type":"Organization","@id":"https:\/\/www.europeangayskiweek.com\/#organization","name":"European Gay Ski Week","url":"https:\/\/www.europeangayskiweek.com\/","logo":{"@type":"ImageObject","inLanguage":"fr-FR","@id":"https:\/\/www.europeangayskiweek.com\/#\/schema\/logo\/image\/","url":"https:\/\/cdn.europeangayskiweek.com\/wp\/uploads\/2019\/06\/EGSW-Dateless-Black-02b.png","contentUrl":"https:\/\/cdn.europeangayskiweek.com\/wp\/uploads\/2019\/06\/EGSW-Dateless-Black-02b.png","width":1346,"height":442,"caption":"European Gay Ski Week"},"image":{"@id":"https:\/\/www.europeangayskiweek.com\/#\/schema\/logo\/image\/"},"sameAs":["https:\/\/www.facebook.com\/EuropeanGaySkiWeek\/","https:\/\/x.com\/EuropeanGaySkiW","https:\/\/www.instagram.com\/europeangayskiweek\/","https:\/\/www.youtube.com\/user\/JonHuntEGSW"]}]}},"_links":{"self":[{"href":"https:\/\/www.europeangayskiweek.com\/fr\/wp-json\/wp\/v2\/pages\/19120","targetHints":{"allow":["GET"]}}],"collection":[{"href":"https:\/\/www.europeangayskiweek.com\/fr\/wp-json\/wp\/v2\/pages"}],"about":[{"href":"https:\/\/www.europeangayskiweek.com\/fr\/wp-json\/wp\/v2\/types\/page"}],"author":[{"embeddable":true,"href":"https:\/\/www.europeangayskiweek.com\/fr\/wp-json\/wp\/v2\/users\/4"}],"replies":[{"embeddable":true,"href":"https:\/\/www.europeangayskiweek.com\/fr\/wp-json\/wp\/v2\/comments?post=19120"}],"version-history":[{"count":9,"href":"https:\/\/www.europeangayskiweek.com\/fr\/wp-json\/wp\/v2\/pages\/19120\/revisions"}],"predecessor-version":[{"id":20758,"href":"https:\/\/www.europeangayskiweek.com\/fr\/wp-json\/wp\/v2\/pages\/19120\/revisions\/20758"}],"wp:attachment":[{"href":"https:\/\/www.europeangayskiweek.com\/fr\/wp-json\/wp\/v2\/media?parent=19120"}],"curies":[{"name":"wp","href":"https:\/\/api.w.org\/{rel}","templated":true}]}}