{"id":16229,"date":"2021-06-14T15:05:24","date_gmt":"2021-06-14T14:05:24","guid":{"rendered":"https:\/\/e21.europeangayskiweek.com\/?page_id=16229"},"modified":"2025-07-16T12:21:19","modified_gmt":"2025-07-16T11:21:19","slug":"quotes-book-now-4","status":"publish","type":"page","link":"https:\/\/www.europeangayskiweek.com\/fr\/quotes-book-now-4\/","title":{"rendered":"Devis sans h\u00e9bergement.  Pass \u00e9v\u00e9nement plus forfait remont\u00e9es m\u00e9caniques et\/ou options suppl\u00e9mentaires uniquementDisponible \u00e0 partir de midi le 16\u00e9me juillet 2025"},"content":{"rendered":"<p><section class=\"kc-elm kc-css-819594 kc_row\"><div class=\"kc-row-container  kc-container\"><div class=\"kc-wrap-columns\"><div class=\"kc-elm kc-css-466028 kc_col-sm-12 kc_column kc_col-sm-12\"><div class=\"kc-col-container\"><div class=\"kc-elm kc-css-6946\" style=\"height: 60px; clear: both; width:100%;\"><\/div><\/div><\/div><\/div><\/div><\/section><section class=\"kc-elm kc-css-254548 kc_row\"><div class=\"kc-row-container  kc-container\"><div class=\"kc-wrap-columns\"><div class=\"kc-elm kc-css-75951 kc_col-sm-6 kc_column kc_col-sm-6\"><div class=\"kc-col-container\">\n<div class=\"kc-elm kc-css-82317 kc-title-wrap \">\n\n\t<h2 class=\"kc_title\">R\u00e9servez avec H\u00e9bergement<\/h2>\n<\/div>\n<div class=\"kc-elm kc-css-277970\" style=\"height: 20px; clear: both; width:100%;\"><\/div><div class=\"kc-elm kc-css-940297 kc_text_block\"><\/p>\n<p>\nR\u00e9servez votre forfait complet pour vous-m\u00eame, ou avec vos amis !<\/p>\n<p>\n<\/div><\/div><\/div><div class=\"kc-elm kc-css-462716 kc_col-sm-6 kc_column kc_col-sm-6\"><div class=\"kc-col-container\">\n<div class=\"kc-elm kc-css-540452 kc-title-wrap \">\n\n\t<h2 class=\"kc_title\">R\u00e9servez sans h\u00e9bergement<\/h2>\n<\/div>\n<div class=\"kc-elm kc-css-3166\" style=\"height: 20px; clear: both; width:100%;\"><\/div><div class=\"kc-elm kc-css-98951 kc_text_block\"><\/p>\n<p>\nVous avez d\u00e9j\u00e0 un h\u00e9bergement ou souhaitez en r\u00e9server un d&#039;autre autre mani\u00e8re ?<\/p>\n<p>\n<\/div><\/div><\/div><\/div><\/div><\/section><section class=\"kc-elm kc-css-823019 kc_row\"><div class=\"kc-row-container  kc-container\"><div class=\"kc-wrap-columns\"><div class=\"kc-elm kc-css-191699 kc_col-sm-6 kc_column kc_col-sm-6\"><div class=\"kc-col-container\">\n<div class=\"kc-elm kc-css-153547 kc-pro-button kc-button-main\">\n\t<a href=\"https:\/\/booking.europeangayskiweek.com\/Booking.aspx?mode=1&#038;action=1&#038;LanguageId=2\" title=\"Book Now With Accommodation\">\n\t\t<span class=\"creative_title\">R\u00e9servez avec H\u00e9bergement<\/span>\t<\/a>\n<\/div>\n<div class=\"kc-elm kc-css-648413\" style=\"height: 20px; clear: both; width:100%;\"><\/div>\n<div class=\"kc-elm kc-css-234002\">\n\t<a class=\"kc_button\" href=\"https:\/\/booking.europeangayskiweek.com\/Booking.aspx?mode=2&amp;action=1&amp;LanguageId=2\" target=\"_self\" title=\"Get a Quote\" onclick=\"\">\n\t\tObtenez un devis\t<\/a>\n<\/div>\n<\/div><\/div><div class=\"kc-elm kc-css-67569 kc_col-sm-6 kc_column kc_col-sm-6\"><div class=\"kc-col-container\">\n<div class=\"kc-elm kc-css-867229 kc-pro-button kc-button-main\">\n\t<a href=\"https:\/\/booking.europeangayskiweek.com\/Booking.aspx?mode=1&#038;action=4&#038;LanguageId=2\" title=\"Book Now Without Accommodation\">\n\t\t<span class=\"creative_title\">R\u00e9servez sans h\u00e9bergement<\/span>\t<\/a>\n<\/div>\n<div class=\"kc-elm kc-css-924099\" style=\"height: 20px; clear: both; width:100%;\"><\/div>\n<div class=\"kc-elm kc-css-507133\">\n\t<a class=\"kc_button\" href=\"https:\/\/booking.europeangayskiweek.com\/Booking.aspx?mode=2&amp;action=4&amp;LanguageId=2\" target=\"_self\" title=\"Get a Quote\" onclick=\"\">\n\t\tObtenez un devis\t<\/a>\n<\/div>\n<div class=\"kc-elm kc-css-639557\" style=\"height: 20px; clear: both; width:100%;\"><\/div><div class=\"kc-elm kc-css-733442 kc_text_block\"><\/p>\n<h5 style=\"text-align: center;\"><span style=\"font-style: inherit;\">Attendez !<\/span><\/h5>\n<p style=\"text-align: center;\"><span style=\"font-style: inherit;\">Connaissez-vous notre Guarantie Prix ?<br \/>Nous vous garantissons les prix les plus bas sur les h\u00e9bergement.<\/span><\/p>\n<p style=\"text-align: center;\"><span style=\"font-style: inherit;\"><a href=\"https:\/\/www.europeangayskiweek.com\/the-accommodation\/accommodation-price-promise\/\"><img loading=\"lazy\" decoding=\"async\" class=\"alignnone size-full\" src=\"https:\/\/cdn.europeangayskiweek.com\/wp\/uploads\/2019\/06\/BTN-pricepromise-50-fr.png\" alt=\"\" width=\"250\" height=\"100\" \/><\/a><\/span><\/p>\n<p>\n<\/div><\/div><\/div><\/div><\/div><\/section><section class=\"kc-elm kc-css-707456 kc_row\"><div class=\"kc-row-container  kc-container\"><div class=\"kc-wrap-columns\"><div class=\"kc-elm kc-css-881294 kc_col-sm-2 kc_column kc_col-sm-2\"><div class=\"kc-col-container\"><\/div><\/div><div class=\"kc-elm kc-css-936845 kc_col-sm-8 kc_column kc_col-sm-8\"><div class=\"kc-col-container\"><div class=\"kc-elm kc-css-358674 kc_text_block\"><\/p>\n<p style=\"text-align: center;\"><strong>Vous serez redirig\u00e9 vers le syst\u00e8me de devis dans quelques secondes. Cliquez sur le bouton ci-dessous si ce n&#039;est pas le cas.<\/strong><\/p>\n<p>\n<\/div><div class=\"kc-elm kc-css-92437 kc-raw-code\"><script>jQuery(document).ready(function () {\r\nwindow.location.replace(\"https:\/\/booking.europeangayskiweek.com\/Booking.aspx?mode=2&action=1&LanguageId=2\");\r\n});<\/script><\/div><\/div><\/div><div class=\"kc-elm kc-css-426959 kc_col-sm-2 kc_column kc_col-sm-2\"><div class=\"kc-col-container\"><\/div><\/div><\/div><\/div><\/section><section class=\"kc-elm kc-css-559627 kc_row\"><div class=\"kc-row-container  kc-container\"><div class=\"kc-wrap-columns\"><div class=\"kc-elm kc-css-698371 kc_col-sm-12 kc_column kc_col-sm-12\"><div class=\"kc-col-container\"><div class=\"kc-elm kc-css-885756\" style=\"height: 60px; clear: both; width:100%;\"><\/div><\/div><\/div><\/div><\/div><\/section><section class=\"kc-elm kc-css-747909 kc_row\"><div class=\"kc-row-container  kc-container\"><div class=\"kc-wrap-columns\"><div class=\"kc-elm kc-css-48621 kc_col-sm-12 kc_column kc_col-sm-12\"><div class=\"kc-col-container\"><\/div><\/div><\/div><\/div><\/section><\/p>\n","protected":false},"excerpt":{"rendered":"<p> [...]<\/p>\n<p><a class=\"btn btn-secondary understrap-read-more-link\" href=\"https:\/\/www.europeangayskiweek.com\/fr\/quotes-book-now-4\/\">Read More...<\/a><\/p>\n<p> [...]<\/p>\n<p><a class=\"btn btn-secondary understrap-read-more-link\" href=\"https:\/\/www.europeangayskiweek.com\/fr\/quotes-book-now-4\/\">Lire la suite\u2026<span class=\"screen-reader-text\"> from Devis sans h\u00e9bergement.  Pass \u00e9v\u00e9nement plus forfait remont\u00e9es m\u00e9caniques et\/ou options suppl\u00e9mentaires uniquementDisponible \u00e0 partir de midi le 16\u00e9me juillet 2025<\/span><\/a><\/p>\n","protected":false},"author":4,"featured_media":0,"parent":0,"menu_order":6,"comment_status":"closed","ping_status":"closed","template":"page-templates\/fullwidthpage-upto1440.php","meta":{"footnotes":""},"class_list":["post-16229","page","type-page","status-publish","hentry"],"yoast_head":"<!-- This site is optimized with the Yoast SEO plugin v26.4 - https:\/\/yoast.com\/wordpress\/plugins\/seo\/ -->\r\n<title>La Plus Grande Gay Ski Week d&#039;Europe | EGSW | 22 -29 Mar 2025<\/title>\r\n<meta name=\"description\" content=\"European Gay Ski Week, la plus grande semaine de ski gay d&#039;Europe, un brillant Apr\u00e8s, des spectacles fabuleux, un cabaret hilarant et des soir\u00e9es fantastiques.\" \/>\r\n<meta name=\"robots\" content=\"index, follow, max-snippet:-1, max-image-preview:large, max-video-preview:-1\" \/>\r\n<link rel=\"canonical\" href=\"https:\/\/www.europeangayskiweek.com\/fr\/quotes-book-now-4\/\" \/>\r\n<meta property=\"og:locale\" content=\"fr_FR\" \/>\r\n<meta property=\"og:type\" content=\"article\" \/>\r\n<meta property=\"og:title\" content=\"La Plus Grande Gay Ski Week d&#039;Europe | EGSW | 22 -29 Mar 2025\" \/>\r\n<meta property=\"og:description\" content=\"European Gay Ski Week, la plus grande semaine de ski gay d&#039;Europe, un brillant Apr\u00e8s, des spectacles fabuleux, un cabaret hilarant et des soir\u00e9es fantastiques.\" \/>\r\n<meta property=\"og:url\" content=\"https:\/\/www.europeangayskiweek.com\/fr\/quotes-book-now-4\/\" \/>\r\n<meta property=\"og:site_name\" content=\"Europe&#039;s Biggest Gay Ski Week | EGSW | 2026 Coming Soon\" \/>\r\n<meta property=\"article:publisher\" content=\"https:\/\/www.facebook.com\/EuropeanGaySkiWeek\/\" \/>\r\n<meta property=\"article:modified_time\" content=\"2025-07-16T11:21:19+00:00\" \/>\r\n<meta property=\"og:image\" content=\"https:\/\/cdn.europeangayskiweek.com\/wp\/uploads\/2020\/07\/facebook_og.jpg\" \/>\r\n\t<meta property=\"og:image:width\" content=\"1200\" \/>\r\n\t<meta property=\"og:image:height\" content=\"630\" \/>\r\n\t<meta property=\"og:image:type\" content=\"image\/jpeg\" \/>\r\n<meta name=\"twitter:card\" content=\"summary_large_image\" \/>\r\n<meta name=\"twitter:site\" content=\"@EuropeanGaySkiW\" \/>\r\n<meta name=\"twitter:label1\" content=\"Dur\u00e9e de lecture estim\u00e9e\" \/>\n\t<meta name=\"twitter:data1\" content=\"2 minutes\" \/>\r\n<script type=\"application\/ld+json\" class=\"yoast-schema-graph\">{\"@context\":\"https:\/\/schema.org\",\"@graph\":[{\"@type\":\"WebPage\",\"@id\":\"https:\/\/www.europeangayskiweek.com\/fr\/quotes-book-now-4\/\",\"url\":\"https:\/\/www.europeangayskiweek.com\/fr\/quotes-book-now-4\/\",\"name\":\"La Plus Grande Gay Ski Week d'Europe | EGSW | 22 -29 Mar 2025\",\"isPartOf\":{\"@id\":\"https:\/\/www.europeangayskiweek.com\/#website\"},\"datePublished\":\"2021-06-14T14:05:24+00:00\",\"dateModified\":\"2025-07-16T11:21:19+00:00\",\"description\":\"European Gay Ski Week, la plus grande semaine de ski gay d'Europe, un brillant Apr\u00e8s, des spectacles fabuleux, un cabaret hilarant et des soir\u00e9es fantastiques.\",\"breadcrumb\":{\"@id\":\"https:\/\/www.europeangayskiweek.com\/fr\/quotes-book-now-4\/#breadcrumb\"},\"inLanguage\":\"fr-FR\",\"potentialAction\":[{\"@type\":\"ReadAction\",\"target\":[\"https:\/\/www.europeangayskiweek.com\/fr\/quotes-book-now-4\/\"]}]},{\"@type\":\"BreadcrumbList\",\"@id\":\"https:\/\/www.europeangayskiweek.com\/fr\/quotes-book-now-4\/#breadcrumb\",\"itemListElement\":[{\"@type\":\"ListItem\",\"position\":1,\"name\":\"Home\",\"item\":\"https:\/\/www.europeangayskiweek.com\/fr\/\"},{\"@type\":\"ListItem\",\"position\":2,\"name\":\"Devis sans h\u00e9bergement. Pass \u00e9v\u00e9nement plus forfait remont\u00e9es m\u00e9caniques et\/ou options suppl\u00e9mentaires uniquementDisponible \u00e0 partir de midi le 16\u00e9me juillet 2025\"}]},{\"@type\":\"WebSite\",\"@id\":\"https:\/\/www.europeangayskiweek.com\/#website\",\"url\":\"https:\/\/www.europeangayskiweek.com\/\",\"name\":\"European Gay Ski Week | The Biggest Gay Winter Sports and Music Festival | Les Arcs Paradiski | 21-28 March 2020\",\"description\":\"Europe&#039;s N\u00b01 Gay Winter Sports &amp; Music Festival | Les Arcs - Arc 1950 &amp; Arc 2000 - Paradiski | European Gay Ski Week with International DJs &amp; Artists\",\"publisher\":{\"@id\":\"https:\/\/www.europeangayskiweek.com\/#organization\"},\"potentialAction\":[{\"@type\":\"SearchAction\",\"target\":{\"@type\":\"EntryPoint\",\"urlTemplate\":\"https:\/\/www.europeangayskiweek.com\/?s={search_term_string}\"},\"query-input\":{\"@type\":\"PropertyValueSpecification\",\"valueRequired\":true,\"valueName\":\"search_term_string\"}}],\"inLanguage\":\"fr-FR\"},{\"@type\":\"Organization\",\"@id\":\"https:\/\/www.europeangayskiweek.com\/#organization\",\"name\":\"European Gay Ski Week\",\"url\":\"https:\/\/www.europeangayskiweek.com\/\",\"logo\":{\"@type\":\"ImageObject\",\"inLanguage\":\"fr-FR\",\"@id\":\"https:\/\/www.europeangayskiweek.com\/#\/schema\/logo\/image\/\",\"url\":\"https:\/\/cdn.europeangayskiweek.com\/wp\/uploads\/2019\/06\/EGSW-Dateless-Black-02b.png\",\"contentUrl\":\"https:\/\/cdn.europeangayskiweek.com\/wp\/uploads\/2019\/06\/EGSW-Dateless-Black-02b.png\",\"width\":1346,\"height\":442,\"caption\":\"European Gay Ski Week\"},\"image\":{\"@id\":\"https:\/\/www.europeangayskiweek.com\/#\/schema\/logo\/image\/\"},\"sameAs\":[\"https:\/\/www.facebook.com\/EuropeanGaySkiWeek\/\",\"https:\/\/x.com\/EuropeanGaySkiW\",\"https:\/\/www.instagram.com\/europeangayskiweek\/\",\"https:\/\/www.youtube.com\/user\/JonHuntEGSW\"]}]}<\/script>\r\n<!-- \/ Yoast SEO plugin. -->","yoast_head_json":{"title":"La Plus Grande Gay Ski Week d'Europe | EGSW | 22 -29 Mar 2025","description":"European Gay Ski Week, la plus grande semaine de ski gay d'Europe, un brillant Apr\u00e8s, des spectacles fabuleux, un cabaret hilarant et des soir\u00e9es fantastiques.","robots":{"index":"index","follow":"follow","max-snippet":"max-snippet:-1","max-image-preview":"max-image-preview:large","max-video-preview":"max-video-preview:-1"},"canonical":"https:\/\/www.europeangayskiweek.com\/fr\/quotes-book-now-4\/","og_locale":"fr_FR","og_type":"article","og_title":"La Plus Grande Gay Ski Week d'Europe | EGSW | 22 -29 Mar 2025","og_description":"European Gay Ski Week, la plus grande semaine de ski gay d'Europe, un brillant Apr\u00e8s, des spectacles fabuleux, un cabaret hilarant et des soir\u00e9es fantastiques.","og_url":"https:\/\/www.europeangayskiweek.com\/fr\/quotes-book-now-4\/","og_site_name":"Europe&#039;s Biggest Gay Ski Week | EGSW | 2026 Coming Soon","article_publisher":"https:\/\/www.facebook.com\/EuropeanGaySkiWeek\/","article_modified_time":"2025-07-16T11:21:19+00:00","og_image":[{"width":1200,"height":630,"url":"https:\/\/cdn.europeangayskiweek.com\/wp\/uploads\/2020\/07\/facebook_og.jpg","type":"image\/jpeg"}],"twitter_card":"summary_large_image","twitter_site":"@EuropeanGaySkiW","twitter_misc":{"Dur\u00e9e de lecture estim\u00e9e":"2 minutes"},"schema":{"@context":"https:\/\/schema.org","@graph":[{"@type":"WebPage","@id":"https:\/\/www.europeangayskiweek.com\/fr\/quotes-book-now-4\/","url":"https:\/\/www.europeangayskiweek.com\/fr\/quotes-book-now-4\/","name":"La Plus Grande Gay Ski Week d'Europe | EGSW | 22 -29 Mar 2025","isPartOf":{"@id":"https:\/\/www.europeangayskiweek.com\/#website"},"datePublished":"2021-06-14T14:05:24+00:00","dateModified":"2025-07-16T11:21:19+00:00","description":"European Gay Ski Week, la plus grande semaine de ski gay d'Europe, un brillant Apr\u00e8s, des spectacles fabuleux, un cabaret hilarant et des soir\u00e9es fantastiques.","breadcrumb":{"@id":"https:\/\/www.europeangayskiweek.com\/fr\/quotes-book-now-4\/#breadcrumb"},"inLanguage":"fr-FR","potentialAction":[{"@type":"ReadAction","target":["https:\/\/www.europeangayskiweek.com\/fr\/quotes-book-now-4\/"]}]},{"@type":"BreadcrumbList","@id":"https:\/\/www.europeangayskiweek.com\/fr\/quotes-book-now-4\/#breadcrumb","itemListElement":[{"@type":"ListItem","position":1,"name":"Home","item":"https:\/\/www.europeangayskiweek.com\/fr\/"},{"@type":"ListItem","position":2,"name":"Devis sans h\u00e9bergement. Pass \u00e9v\u00e9nement plus forfait remont\u00e9es m\u00e9caniques et\/ou options suppl\u00e9mentaires uniquementDisponible \u00e0 partir de midi le 16\u00e9me juillet 2025"}]},{"@type":"WebSite","@id":"https:\/\/www.europeangayskiweek.com\/#website","url":"https:\/\/www.europeangayskiweek.com\/","name":"European Gay Ski Week | The Biggest Gay Winter Sports and Music Festival | Les Arcs Paradiski | 21-28 March 2020","description":"Europe&#039;s N\u00b01 Gay Winter Sports &amp; Music Festival | Les Arcs - Arc 1950 &amp; Arc 2000 - Paradiski | European Gay Ski Week with International DJs &amp; Artists","publisher":{"@id":"https:\/\/www.europeangayskiweek.com\/#organization"},"potentialAction":[{"@type":"SearchAction","target":{"@type":"EntryPoint","urlTemplate":"https:\/\/www.europeangayskiweek.com\/?s={search_term_string}"},"query-input":{"@type":"PropertyValueSpecification","valueRequired":true,"valueName":"search_term_string"}}],"inLanguage":"fr-FR"},{"@type":"Organization","@id":"https:\/\/www.europeangayskiweek.com\/#organization","name":"European Gay Ski Week","url":"https:\/\/www.europeangayskiweek.com\/","logo":{"@type":"ImageObject","inLanguage":"fr-FR","@id":"https:\/\/www.europeangayskiweek.com\/#\/schema\/logo\/image\/","url":"https:\/\/cdn.europeangayskiweek.com\/wp\/uploads\/2019\/06\/EGSW-Dateless-Black-02b.png","contentUrl":"https:\/\/cdn.europeangayskiweek.com\/wp\/uploads\/2019\/06\/EGSW-Dateless-Black-02b.png","width":1346,"height":442,"caption":"European Gay Ski Week"},"image":{"@id":"https:\/\/www.europeangayskiweek.com\/#\/schema\/logo\/image\/"},"sameAs":["https:\/\/www.facebook.com\/EuropeanGaySkiWeek\/","https:\/\/x.com\/EuropeanGaySkiW","https:\/\/www.instagram.com\/europeangayskiweek\/","https:\/\/www.youtube.com\/user\/JonHuntEGSW"]}]}},"_links":{"self":[{"href":"https:\/\/www.europeangayskiweek.com\/fr\/wp-json\/wp\/v2\/pages\/16229","targetHints":{"allow":["GET"]}}],"collection":[{"href":"https:\/\/www.europeangayskiweek.com\/fr\/wp-json\/wp\/v2\/pages"}],"about":[{"href":"https:\/\/www.europeangayskiweek.com\/fr\/wp-json\/wp\/v2\/types\/page"}],"author":[{"embeddable":true,"href":"https:\/\/www.europeangayskiweek.com\/fr\/wp-json\/wp\/v2\/users\/4"}],"replies":[{"embeddable":true,"href":"https:\/\/www.europeangayskiweek.com\/fr\/wp-json\/wp\/v2\/comments?post=16229"}],"version-history":[{"count":15,"href":"https:\/\/www.europeangayskiweek.com\/fr\/wp-json\/wp\/v2\/pages\/16229\/revisions"}],"predecessor-version":[{"id":21590,"href":"https:\/\/www.europeangayskiweek.com\/fr\/wp-json\/wp\/v2\/pages\/16229\/revisions\/21590"}],"wp:attachment":[{"href":"https:\/\/www.europeangayskiweek.com\/fr\/wp-json\/wp\/v2\/media?parent=16229"}],"curies":[{"name":"wp","href":"https:\/\/api.w.org\/{rel}","templated":true}]}}