{"id":13625,"date":"2017-08-07T10:56:18","date_gmt":"2017-08-07T09:56:18","guid":{"rendered":"https:\/\/e21.europeangayskiweek.com\/?page_id=13625"},"modified":"2025-09-23T10:46:25","modified_gmt":"2025-09-23T09:46:25","slug":"ecole-de-ski-egsw","status":"publish","type":"page","link":"https:\/\/www.europeangayskiweek.com\/fr\/the-skiing-and-boarding-2\/ecole-de-ski-egsw\/","title":{"rendered":"\u00c9cole de Ski &#038; Snowboard EGSW"},"content":{"rendered":"<section class=\"kc-elm kc-css-27658 kc_row\"><div class=\"kc-row-container  kc-container\"><div class=\"kc-wrap-columns\"><div class=\"kc-elm kc-css-709840 kc_col-sm-2 kc_column kc_col-sm-2\"><div class=\"kc-col-container\"><\/div><\/div><div class=\"kc-elm kc-css-699947 kc_col-sm-8 kc_column kc_col-sm-8\"><div class=\"kc-col-container\"><div class=\"kc-elm kc-css-749795\" style=\"height: 60px; clear: both; width:100%;\"><\/div><div class=\"kc-elm kc-css-380505 kc_text_block\"><\/p>\n<h5 style=\"text-align: center;\">Apprendre avec l'\u00c9cole de ski et snowboard<br \/>European Gay Ski Week<\/h5>\n<ul>\n<li style=\"text-align: left;\"><strong>D\u00e9tenteurs du Pass \u00c9v\u00e9nement seulement<\/strong> - Les cours de l'\u00e9colde de ski seront constitu\u00e9s uniquement de d\u00e9tenteurs du Pass \u00c9v\u00e9nement European Gay Ski Week. Les non-d\u00e9tenteurs de pass ne peuvent pas se joindre aux cours.<\/li>\n<li style=\"text-align: left;\"><strong>Petits groupes <\/strong>- Nombre maximum de personne par cours : 9 personnes. Ceci permet d'optimiser le temps d'apprentissage et assure que chaque membre du groupe re\u00e7oit l'attention n\u00e9cessaire. Ces groupes sous soumis \u00e0 un minimum de participant de 5 pesonnes par cours et exceptionnellement les groupes peuvent compter 10 participants. S'il y a 4 personnes ou moins inscrites dans votre cours, on pourra vous proposer de rejoindre un cours d'\u00e9cole g\u00e9n\u00e9raliste du m\u00eame niveau, ou \u00eatre rembours\u00e9 int\u00e9gralement.<\/li>\n<li style=\"text-align: left;\"><strong>D\u00e9part tardif <\/strong>- Nous savons que vous aimez profiter de votre soir\u00e9e, les cours non-d\u00e9butantsd\u00e9marrent donc \u00e0 10h et les d\u00e9butants \u00e0 10h30, vous laissant ainsi le temps de vous pr\u00e9parer tranquillement.<\/li>\n<li style=\"text-align: left;\"><strong>D\u00e9butants <\/strong>- Les cours d\u00e9marrent \u00e0 10h30 le dimanche et continuent jusqu'au jeudi. Deux heures chaque matin, deux heures pour d\u00e9jeuner \u00e0 notre point de rendez-vous d\u00e9jeuner, et deux heures l'apr\u00e8s-midi.<\/li>\n<li style=\"text-align: left;\"><strong>Niveaux 1 \u00e0 4<\/strong> - Commencez le lundi matin, ce qui vous donne l\u2019occasion de retrouver vos sensations sur les skis avant le d\u00e9but de votre cours. Cours le matin les lundi, mardi et mercredi, vous laissant du temps pour socialiser et profiter d\u2019un d\u00e9jeuner tranquille en montagne avant de repartir skier avec vos amis. Ensuite, les classes 1 et 2 auront une journ\u00e9e compl\u00e8te de cours le jeudi, tandis que les classes 3 et 4 auront leur journ\u00e9e de repos le jeudi et une journ\u00e9e compl\u00e8te de cours le vendredi.<\/li>\n<li style=\"text-align: left;\"><strong>Masterclass Hors-Piste<\/strong> - La masterclass d\u00e9bute mardi matin. Nous vous recommandons de rejoindre nos groupes guid\u00e9s Rapide ou Super-Rapide du dimanche et lundi avant de vous joinder \u00e0 la masterclass. Vous devez \u00eatre capable de skier sur toutes les pistes, y compris les noires, en toutes conditions, y compris les plus mauvaises comme mauvaise visibilit\u00e9 ou naige glac\u00e9e.<\/li>\n<\/ul>\n<p>\n<\/div><div class=\"kc-elm kc-css-172000 kc_text_block\"><\/p>\n<p>\nAu moment de choisir votre niveau d'\u00c9cole de ski, r\u00e9servez le cours qui selon vous correspond au mieux \u00e0 vos aptitudes. Votre moniteur, apr\u00e8s avoir \u00e9valu\u00e9 vos aptitudes, pourra vous conseiller de changer pour un niveau de cours mieux adapt\u00e9 \u00e0 vos besoins.<\/p>\n<p>\n<\/div><div class=\"kc-elm kc-css-264499 kc-raw-code\"><div class=\"fw-col-xs-12 fw-col-sm-4\">\r\n<div class=\"fw-testimonials fw-testimonials-2\">\r\n\t<div class=\"caroufredsel_wrapper\" style=\"display: block; text-align: start; float: none; position: relative; top: auto; right: auto; bottom: auto; left: auto; z-index: auto; width: 100%; height: 180px; margin: 0px; overflow: hidden;\"><div class=\"fw-testimonials-list\" id=\"testimonials-5cfa3ed5d9f77\" style=\"text-align: left;float: none;position: absolute;top: 0px;right: auto;bottom: auto;left: 0px;margin: 0px;\">\r\n\t\t\t\t\t<div class=\"fw-testimonials-item clearfix\" style=\"width: 100%;\">\r\n\t\t\t\t\r\n\t\t\t\t<div class=\"fw-testimonials-text\">\r\n\t\t\t\t\t<p>\"The most fun I had all week, made lots of friends and laughed constantly!\" <\/p>\r\n\t\t\t\t<\/div>\r\n\t\t\t\t<div class=\"fw-testimonials-meta\">\r\n\t\t\t\t\t<div class=\"fw-testimonials-avatar\">\r\n\t\t\t\t\t\t\t\t\t\t\t\t<img decoding=\"async\" src=\"\/\/europeangayskiweek.com\/wp-content\/uploads\/2018\/07\/david-evans.jpg\" alt=\"David Evans\">\r\n\t\t\t\t\t<\/div>\r\n\t\t\t\t\t<div class=\"fw-testimonials-author\">\r\n\t\t\t\t\t\t<span class=\"author-name\">David Evans<\/span>\r\n\t\t\t\t\t\t<em>EGSW Regular<\/em>\r\n\t\t\t\t\t\t<span class=\"fw-testimonials-url\">\r\n\t\t\t\t\t\t\t<a href=\"\"><\/a>\r\n\t\t\t\t\t\t<\/span>\r\n\t\t\t\t\t<\/div>\r\n\t\t\t\t<\/div>\r\n\t\t\t<\/div>\r\n\t\t\t<\/div>\r\n<\/div>\r\n<\/div><\/div><\/div>\n<div class=\"kc-elm kc-css-206703 kc-title-wrap \">\n\n\t<h3 class=\"kc_title\">COURS DE SKI & SNOWBOARD <\/h3>\n<\/div>\n<div class=\"kc-elm kc-css-938550 kc_text_block\"><\/p>\n<div class=\"fw-table\">\n<table>\n<tbody>\n<tr class=\"default-row\">\n<td class=\"desc-col\">Cours D\u00e9butants<\/td>\n<td class=\"default-col\">Cours D\u00e9butants<\/td>\n<td class=\"default-col\">Vous n'avez jamais ski\u00e9 auparavant, il est temps d'apprendre les bases fondamentaux du ski et de ressentir vos premi\u00e8res sensations de glisse.<\/td>\n<\/tr>\n<tr class=\"default-row\">\n<td class=\"desc-col\">COURS 1<\/td>\n<td class=\"default-col\">Cours D\u00e9butant Termin\u00e9<\/td>\n<td class=\"default-col\">Vous savez prendre un t\u00e9l\u00e9ski, faire un virage\u00a0 sur une piste VERTE. Apprenez \u00e0 tourner avec plus d'assurance et \u00e0 vous ameliorer jusqu\u2019\u00e0 pouvoir skier avec les skis en parall\u00e8le.<\/td>\n<\/tr>\n<tr class=\"default-row\">\n<td class=\"desc-col\">COURS 2<\/td>\n<td class=\"default-col\">D\u00e9butant Avanc\u00e9<\/td>\n<td class=\"default-col\">Vous etes capable de faire des d\u00e9rapages et des virages sur de longues courbes en gardant les skis parall\u00e9les. Vous vous sentez \u00e1 l'aise sur les pistes BLEUES. Am\u00e9liorez vous, prenez le bon rythme et gagnez en assurance<\/td>\n<\/tr>\n<tr class=\"default-row\">\n<td class=\"desc-col\">COURS 3<\/td>\n<td class=\"default-col\">Interm\u00e9diaire<\/td>\n<td class=\"default-col\">Vous tournez ski parall\u00e9les, vous savez appr\u00e9hender toutes les pentes.Il est temps d'apprendre \u00e1 maitriser toutes les courbes, grands virages, godilles, (petits virages successifs sur une meme ligne)<\/td>\n<\/tr>\n<tr class=\"default-row\">\n<td class=\"desc-col\">COURS 4<\/td>\n<td class=\"default-col\">Confirm\u00e9<\/td>\n<td class=\"default-col\">Vous enchainez grands et petits virages sur tous types de pistes.Vous d\u00e9couvrirez de nouveaux terrains et progresserez dans tous types de neige.Vous ferez du hors-pistes et pratiquerez le slalom<\/td>\n<\/tr>\n<tr class=\"default-row\">\n<td class=\"desc-col\">MASTERCLASS HORS-PISTE<\/td>\n<td class=\"default-col\">Confirm\u00e9<\/td>\n<td class=\"default-col\">Cette Masterclass de 3 jours se concentre sur le d\u00e9veloppement de votre technique de ski dans des conditions de hors-piste vari\u00e9es avec confiance et en toute s\u00e9curit\u00e9. Durant ce cours, vous recevrez une formation s\u00e9curit\u00e9 et connaissance de la montagne avec \u00e9quipement sonde\/pelle\/\u00e9metteur.<\/td>\n<\/tr>\n<\/tbody>\n<\/table>\n<\/div>\n<p>\n<\/div>\n<div class=\"kc-elm kc-css-902646 kc-title-wrap \">\n\n\t<h3 class=\"kc_title\">HORAIRES ET PRIX<\/h3>\n<\/div>\n<div class=\"kc-elm kc-css-61074 kc_text_block\"><\/p>\n<div class=\"fw-table\">\n<table>\n<tbody>\n<tr class=\"default-row\">\n<td class=\"desc-col\">D\u00c9BUTANTS<\/td>\n<td class=\"default-col\">Ski ou Snowboard<\/td>\n<td class=\"default-col\">2 heures Chaque Matin (10:30 - 12:30)<br \/>2 heures Chaque apr\u00e9s-midi (14:30 - 16:30)<\/td>\n<td class=\"default-col\" style=\"text-align: center;\">Dimanche - Jeudi<br \/>260\u20ac<\/td>\n<\/tr>\n<tr class=\"default-row\">\n<td class=\"desc-col\">COURS DE SKI<br \/>1 - 4<\/td>\n<td class=\"default-col\" style=\"text-align: center;\">Termin\u00e9 Cours<br \/>pour d\u00e9butants<br \/>au niveau avanc\u00e9<\/td>\n<td class=\"default-col\">\n<p><em><br \/>Class 1 -2:<br \/><\/em>Lundi 10:00 \u2013 12:45<br \/>Mardi 10:00 \u2013 12:45<br \/>Mercredi 10:00 \u2013 12:45<br \/>Jeudi\u00a0 10:00 - 16:00<\/p>\n<p><em>Class 3 - 4:<\/em><br \/>Lundi 10:00 \u2013 12:45<br \/>Mardi 10:00 \u2013 12:45<br \/>Mercredi 10:00 - 12:45<br \/>Jeudi Libre<br \/>Vendredi 10:00 \u2013 16:00<\/p>\n<\/td>\n<td class=\"default-col\" style=\"text-align: center;\">Lundi -<br \/>Jeudi \/ Vendredi<br \/>200\u20ac<\/td>\n<\/tr>\n<tr class=\"default-row\">\n<td class=\"desc-col\">\u00a0<\/td>\n<td class=\"default-col\">\u00a0<\/td>\n<td class=\"default-col\">\u00a0<\/td>\n<td class=\"default-col\">\u00a0<\/td>\n<\/tr>\n<tr class=\"default-row\">\n<td class=\"desc-col\">MASTERCLASS HORS-PISTE<\/td>\n<td class=\"default-col\">Confirm\u00e9<\/td>\n<td class=\"default-col\" style=\"text-align: center;\">6 heures par jour incluant la pause d\u00e9jeuner<br \/>(10h00 \u00e0 16h00)<\/td>\n<td class=\"default-col\" style=\"text-align: center;\">Mardi - Jeudi<br \/>300\u20ac<\/td>\n<\/tr>\n<\/tbody>\n<\/table>\n<\/div>\n<p>\n<\/div><\/div><\/div><div class=\"kc-elm kc-css-192311 kc_col-sm-2 kc_column kc_col-sm-2\"><div class=\"kc-col-container\"><\/div><\/div><\/div><\/div><\/section>\n","protected":false},"excerpt":{"rendered":"<p> [...]<\/p>\n<p><a class=\"btn btn-secondary understrap-read-more-link\" href=\"https:\/\/www.europeangayskiweek.com\/fr\/the-skiing-and-boarding-2\/ecole-de-ski-egsw\/\">Read More...<\/a><\/p>\n<p> [...]<\/p>\n<p><a class=\"btn btn-secondary understrap-read-more-link\" href=\"https:\/\/www.europeangayskiweek.com\/fr\/the-skiing-and-boarding-2\/ecole-de-ski-egsw\/\">Lire la suite\u2026<span class=\"screen-reader-text\"> from \u00c9cole de Ski &#038; Snowboard EGSW<\/span><\/a><\/p>\n","protected":false},"author":4,"featured_media":0,"parent":13622,"menu_order":3,"comment_status":"closed","ping_status":"closed","template":"page-templates\/fullwidthpage-upto1440.php","meta":{"footnotes":""},"class_list":["post-13625","page","type-page","status-publish","hentry"],"yoast_head":"<!-- This site is optimized with the Yoast SEO plugin v26.4 - https:\/\/yoast.com\/wordpress\/plugins\/seo\/ -->\r\n<title>La Plus Grande Gay Ski Week d&#039;Europe | EGSW | 22-29 Mar 2025<\/title>\r\n<meta name=\"description\" content=\"European Gay Ski Week, la plus grande semaine de ski gay d&#039;Europe, un brillant Apr\u00e8s, des spectacles fabuleux, un cabaret hilarant et des soir\u00e9es fantastiques.\" \/>\r\n<meta name=\"robots\" content=\"index, follow, max-snippet:-1, max-image-preview:large, max-video-preview:-1\" \/>\r\n<link rel=\"canonical\" href=\"https:\/\/www.europeangayskiweek.com\/fr\/the-skiing-and-boarding-2\/ecole-de-ski-egsw\/\" \/>\r\n<meta property=\"og:locale\" content=\"fr_FR\" \/>\r\n<meta property=\"og:type\" content=\"article\" \/>\r\n<meta property=\"og:title\" content=\"La Plus Grande Gay Ski Week d&#039;Europe | EGSW | 22-29 Mar 2025\" \/>\r\n<meta property=\"og:description\" content=\"European Gay Ski Week, la plus grande semaine de ski gay d&#039;Europe, un brillant Apr\u00e8s, des spectacles fabuleux, un cabaret hilarant et des soir\u00e9es fantastiques.\" \/>\r\n<meta property=\"og:url\" content=\"https:\/\/www.europeangayskiweek.com\/fr\/the-skiing-and-boarding-2\/ecole-de-ski-egsw\/\" \/>\r\n<meta property=\"og:site_name\" content=\"Europe&#039;s Biggest Gay Ski Week | EGSW | 2026 Coming Soon\" \/>\r\n<meta property=\"article:publisher\" content=\"https:\/\/www.facebook.com\/EuropeanGaySkiWeek\/\" \/>\r\n<meta property=\"article:modified_time\" content=\"2025-09-23T09:46:25+00:00\" \/>\r\n<meta property=\"og:image\" content=\"https:\/\/cdn.europeangayskiweek.com\/wp\/uploads\/2020\/07\/facebook_og.jpg\" \/>\r\n\t<meta property=\"og:image:width\" content=\"1200\" \/>\r\n\t<meta property=\"og:image:height\" content=\"630\" \/>\r\n\t<meta property=\"og:image:type\" content=\"image\/jpeg\" \/>\r\n<meta name=\"twitter:card\" content=\"summary_large_image\" \/>\r\n<meta name=\"twitter:site\" content=\"@EuropeanGaySkiW\" \/>\r\n<meta name=\"twitter:label1\" content=\"Dur\u00e9e de lecture estim\u00e9e\" \/>\n\t<meta name=\"twitter:data1\" content=\"4 minutes\" \/>\r\n<script type=\"application\/ld+json\" class=\"yoast-schema-graph\">{\"@context\":\"https:\/\/schema.org\",\"@graph\":[{\"@type\":\"WebPage\",\"@id\":\"https:\/\/www.europeangayskiweek.com\/fr\/the-skiing-and-boarding-2\/ecole-de-ski-egsw\/\",\"url\":\"https:\/\/www.europeangayskiweek.com\/fr\/the-skiing-and-boarding-2\/ecole-de-ski-egsw\/\",\"name\":\"La Plus Grande Gay Ski Week d'Europe | EGSW | 22-29 Mar 2025\",\"isPartOf\":{\"@id\":\"https:\/\/www.europeangayskiweek.com\/#website\"},\"datePublished\":\"2017-08-07T09:56:18+00:00\",\"dateModified\":\"2025-09-23T09:46:25+00:00\",\"description\":\"European Gay Ski Week, la plus grande semaine de ski gay d'Europe, un brillant Apr\u00e8s, des spectacles fabuleux, un cabaret hilarant et des soir\u00e9es fantastiques.\",\"breadcrumb\":{\"@id\":\"https:\/\/www.europeangayskiweek.com\/fr\/the-skiing-and-boarding-2\/ecole-de-ski-egsw\/#breadcrumb\"},\"inLanguage\":\"fr-FR\",\"potentialAction\":[{\"@type\":\"ReadAction\",\"target\":[\"https:\/\/www.europeangayskiweek.com\/fr\/the-skiing-and-boarding-2\/ecole-de-ski-egsw\/\"]}]},{\"@type\":\"BreadcrumbList\",\"@id\":\"https:\/\/www.europeangayskiweek.com\/fr\/the-skiing-and-boarding-2\/ecole-de-ski-egsw\/#breadcrumb\",\"itemListElement\":[{\"@type\":\"ListItem\",\"position\":1,\"name\":\"Home\",\"item\":\"https:\/\/www.europeangayskiweek.com\/fr\/\"},{\"@type\":\"ListItem\",\"position\":2,\"name\":\"Skiing &#038; Snowboard\",\"item\":\"https:\/\/www.europeangayskiweek.com\/fr\/the-skiing-and-boarding-2\/\"},{\"@type\":\"ListItem\",\"position\":3,\"name\":\"\u00c9cole de Ski &#038; Snowboard EGSW\"}]},{\"@type\":\"WebSite\",\"@id\":\"https:\/\/www.europeangayskiweek.com\/#website\",\"url\":\"https:\/\/www.europeangayskiweek.com\/\",\"name\":\"European Gay Ski Week | The Biggest Gay Winter Sports and Music Festival | Les Arcs Paradiski | 21-28 March 2020\",\"description\":\"Europe&#039;s N\u00b01 Gay Winter Sports &amp; Music Festival | Les Arcs - Arc 1950 &amp; Arc 2000 - Paradiski | European Gay Ski Week with International DJs &amp; Artists\",\"publisher\":{\"@id\":\"https:\/\/www.europeangayskiweek.com\/#organization\"},\"potentialAction\":[{\"@type\":\"SearchAction\",\"target\":{\"@type\":\"EntryPoint\",\"urlTemplate\":\"https:\/\/www.europeangayskiweek.com\/?s={search_term_string}\"},\"query-input\":{\"@type\":\"PropertyValueSpecification\",\"valueRequired\":true,\"valueName\":\"search_term_string\"}}],\"inLanguage\":\"fr-FR\"},{\"@type\":\"Organization\",\"@id\":\"https:\/\/www.europeangayskiweek.com\/#organization\",\"name\":\"European Gay Ski Week\",\"url\":\"https:\/\/www.europeangayskiweek.com\/\",\"logo\":{\"@type\":\"ImageObject\",\"inLanguage\":\"fr-FR\",\"@id\":\"https:\/\/www.europeangayskiweek.com\/#\/schema\/logo\/image\/\",\"url\":\"https:\/\/cdn.europeangayskiweek.com\/wp\/uploads\/2019\/06\/EGSW-Dateless-Black-02b.png\",\"contentUrl\":\"https:\/\/cdn.europeangayskiweek.com\/wp\/uploads\/2019\/06\/EGSW-Dateless-Black-02b.png\",\"width\":1346,\"height\":442,\"caption\":\"European Gay Ski Week\"},\"image\":{\"@id\":\"https:\/\/www.europeangayskiweek.com\/#\/schema\/logo\/image\/\"},\"sameAs\":[\"https:\/\/www.facebook.com\/EuropeanGaySkiWeek\/\",\"https:\/\/x.com\/EuropeanGaySkiW\",\"https:\/\/www.instagram.com\/europeangayskiweek\/\",\"https:\/\/www.youtube.com\/user\/JonHuntEGSW\"]}]}<\/script>\r\n<!-- \/ Yoast SEO plugin. -->","yoast_head_json":{"title":"La Plus Grande Gay Ski Week d'Europe | EGSW | 22-29 Mar 2025","description":"European Gay Ski Week, la plus grande semaine de ski gay d'Europe, un brillant Apr\u00e8s, des spectacles fabuleux, un cabaret hilarant et des soir\u00e9es fantastiques.","robots":{"index":"index","follow":"follow","max-snippet":"max-snippet:-1","max-image-preview":"max-image-preview:large","max-video-preview":"max-video-preview:-1"},"canonical":"https:\/\/www.europeangayskiweek.com\/fr\/the-skiing-and-boarding-2\/ecole-de-ski-egsw\/","og_locale":"fr_FR","og_type":"article","og_title":"La Plus Grande Gay Ski Week d'Europe | EGSW | 22-29 Mar 2025","og_description":"European Gay Ski Week, la plus grande semaine de ski gay d'Europe, un brillant Apr\u00e8s, des spectacles fabuleux, un cabaret hilarant et des soir\u00e9es fantastiques.","og_url":"https:\/\/www.europeangayskiweek.com\/fr\/the-skiing-and-boarding-2\/ecole-de-ski-egsw\/","og_site_name":"Europe&#039;s Biggest Gay Ski Week | EGSW | 2026 Coming Soon","article_publisher":"https:\/\/www.facebook.com\/EuropeanGaySkiWeek\/","article_modified_time":"2025-09-23T09:46:25+00:00","og_image":[{"width":1200,"height":630,"url":"https:\/\/cdn.europeangayskiweek.com\/wp\/uploads\/2020\/07\/facebook_og.jpg","type":"image\/jpeg"}],"twitter_card":"summary_large_image","twitter_site":"@EuropeanGaySkiW","twitter_misc":{"Dur\u00e9e de lecture estim\u00e9e":"4 minutes"},"schema":{"@context":"https:\/\/schema.org","@graph":[{"@type":"WebPage","@id":"https:\/\/www.europeangayskiweek.com\/fr\/the-skiing-and-boarding-2\/ecole-de-ski-egsw\/","url":"https:\/\/www.europeangayskiweek.com\/fr\/the-skiing-and-boarding-2\/ecole-de-ski-egsw\/","name":"La Plus Grande Gay Ski Week d'Europe | EGSW | 22-29 Mar 2025","isPartOf":{"@id":"https:\/\/www.europeangayskiweek.com\/#website"},"datePublished":"2017-08-07T09:56:18+00:00","dateModified":"2025-09-23T09:46:25+00:00","description":"European Gay Ski Week, la plus grande semaine de ski gay d'Europe, un brillant Apr\u00e8s, des spectacles fabuleux, un cabaret hilarant et des soir\u00e9es fantastiques.","breadcrumb":{"@id":"https:\/\/www.europeangayskiweek.com\/fr\/the-skiing-and-boarding-2\/ecole-de-ski-egsw\/#breadcrumb"},"inLanguage":"fr-FR","potentialAction":[{"@type":"ReadAction","target":["https:\/\/www.europeangayskiweek.com\/fr\/the-skiing-and-boarding-2\/ecole-de-ski-egsw\/"]}]},{"@type":"BreadcrumbList","@id":"https:\/\/www.europeangayskiweek.com\/fr\/the-skiing-and-boarding-2\/ecole-de-ski-egsw\/#breadcrumb","itemListElement":[{"@type":"ListItem","position":1,"name":"Home","item":"https:\/\/www.europeangayskiweek.com\/fr\/"},{"@type":"ListItem","position":2,"name":"Skiing &#038; Snowboard","item":"https:\/\/www.europeangayskiweek.com\/fr\/the-skiing-and-boarding-2\/"},{"@type":"ListItem","position":3,"name":"\u00c9cole de Ski &#038; Snowboard EGSW"}]},{"@type":"WebSite","@id":"https:\/\/www.europeangayskiweek.com\/#website","url":"https:\/\/www.europeangayskiweek.com\/","name":"European Gay Ski Week | The Biggest Gay Winter Sports and Music Festival | Les Arcs Paradiski | 21-28 March 2020","description":"Europe&#039;s N\u00b01 Gay Winter Sports &amp; Music Festival | Les Arcs - Arc 1950 &amp; Arc 2000 - Paradiski | European Gay Ski Week with International DJs &amp; Artists","publisher":{"@id":"https:\/\/www.europeangayskiweek.com\/#organization"},"potentialAction":[{"@type":"SearchAction","target":{"@type":"EntryPoint","urlTemplate":"https:\/\/www.europeangayskiweek.com\/?s={search_term_string}"},"query-input":{"@type":"PropertyValueSpecification","valueRequired":true,"valueName":"search_term_string"}}],"inLanguage":"fr-FR"},{"@type":"Organization","@id":"https:\/\/www.europeangayskiweek.com\/#organization","name":"European Gay Ski Week","url":"https:\/\/www.europeangayskiweek.com\/","logo":{"@type":"ImageObject","inLanguage":"fr-FR","@id":"https:\/\/www.europeangayskiweek.com\/#\/schema\/logo\/image\/","url":"https:\/\/cdn.europeangayskiweek.com\/wp\/uploads\/2019\/06\/EGSW-Dateless-Black-02b.png","contentUrl":"https:\/\/cdn.europeangayskiweek.com\/wp\/uploads\/2019\/06\/EGSW-Dateless-Black-02b.png","width":1346,"height":442,"caption":"European Gay Ski Week"},"image":{"@id":"https:\/\/www.europeangayskiweek.com\/#\/schema\/logo\/image\/"},"sameAs":["https:\/\/www.facebook.com\/EuropeanGaySkiWeek\/","https:\/\/x.com\/EuropeanGaySkiW","https:\/\/www.instagram.com\/europeangayskiweek\/","https:\/\/www.youtube.com\/user\/JonHuntEGSW"]}]}},"_links":{"self":[{"href":"https:\/\/www.europeangayskiweek.com\/fr\/wp-json\/wp\/v2\/pages\/13625","targetHints":{"allow":["GET"]}}],"collection":[{"href":"https:\/\/www.europeangayskiweek.com\/fr\/wp-json\/wp\/v2\/pages"}],"about":[{"href":"https:\/\/www.europeangayskiweek.com\/fr\/wp-json\/wp\/v2\/types\/page"}],"author":[{"embeddable":true,"href":"https:\/\/www.europeangayskiweek.com\/fr\/wp-json\/wp\/v2\/users\/4"}],"replies":[{"embeddable":true,"href":"https:\/\/www.europeangayskiweek.com\/fr\/wp-json\/wp\/v2\/comments?post=13625"}],"version-history":[{"count":15,"href":"https:\/\/www.europeangayskiweek.com\/fr\/wp-json\/wp\/v2\/pages\/13625\/revisions"}],"predecessor-version":[{"id":23707,"href":"https:\/\/www.europeangayskiweek.com\/fr\/wp-json\/wp\/v2\/pages\/13625\/revisions\/23707"}],"up":[{"embeddable":true,"href":"https:\/\/www.europeangayskiweek.com\/fr\/wp-json\/wp\/v2\/pages\/13622"}],"wp:attachment":[{"href":"https:\/\/www.europeangayskiweek.com\/fr\/wp-json\/wp\/v2\/media?parent=13625"}],"curies":[{"name":"wp","href":"https:\/\/api.w.org\/{rel}","templated":true}]}}