{"id":13619,"date":"2019-02-11T10:07:16","date_gmt":"2019-02-11T10:07:16","guid":{"rendered":"https:\/\/e21.europeangayskiweek.com\/?page_id=13619"},"modified":"2024-07-24T15:57:38","modified_gmt":"2024-07-24T14:57:38","slug":"soirees-raclette-et-fondue","status":"publish","type":"page","link":"https:\/\/www.europeangayskiweek.com\/fr\/special-dinner-nights-and-parties-2\/soirees-raclette-et-fondue\/","title":{"rendered":"Soir\u00e9es sp\u00e9ciales Raclette et Fondue"},"content":{"rendered":"<p><section class=\"kc-elm kc-css-105797 kc_row\"><div class=\"kc-row-container  kc-container\"><div class=\"kc-wrap-columns\"><div class=\"kc-elm kc-css-185182 kc_col-sm-2 kc_column kc_col-sm-2\"><div class=\"kc-col-container\"><\/div><\/div><div class=\"kc-elm kc-css-115035 kc_col-sm-8 kc_column kc_col-sm-8\"><div class=\"kc-col-container\"><div class=\"kc-elm kc-css-927137\" style=\"height: 60px; clear: both; width:100%;\"><\/div><div class=\"kc-elm kc-css-622647 kc_text_block\"><\/p>\n<p>\nEGSW prend le contr\u00f4le de restaurants atmosph\u00e9riques et organise des soir\u00e9es conviviales dans des lieux soigneusement s\u00e9lectionn\u00e9s. Il y a actuellement un espace limit\u00e9 pour ces trois options, mais elles se vendent chaque ann\u00e9e, alors agissez vite pour s\u00e9curiser votre place !<\/p>\n<p>\n<\/div><div class=\"kc-elm kc-css-133234\" style=\"height: 40px; clear: both; width:100%;\"><\/div><\/div><\/div><div class=\"kc-elm kc-css-98802 kc_col-sm-2 kc_column kc_col-sm-2\"><div class=\"kc-col-container\"><\/div><\/div><\/div><\/div><\/section><section class=\"kc-elm kc-css-351364 kc_row\"><div class=\"kc-row-container  kc-container\"><div class=\"kc-wrap-columns\"><div class=\"kc-elm kc-css-518742 kc_col-sm-6 kc_column kc_col-sm-6\"><div class=\"kc-col-container\"><div class=\"kc-elm kc-css-879066 kc_text_block\"><\/p>\n<h3>FONDUE<\/h3>\n<hr>\n<h5>35\u20ac<\/h5>\n<p>Pour notre soir\u00e9e fondue, vous serez servi avec une fondue savoyarde qui est une combinaison de vin blanc, de comt\u00e9, d&#039;emmental, de gruy\u00e8re et de kirsch.<\/p>\n<p><span style=\"font-style: inherit;\">La fondue est servie dans un pot commun (caquelon) qui repose sur un support, plac\u00e9 au milieu de votre table, sous lequel se trouve un br\u00fbleur \u00e0 alcool (rechaud) qui maintient les ingr\u00e9dients \u00e0 leur temp\u00e9rature optimale. Ce plat alpin fran\u00e7ais classique se mange en trempant des fourchettes \u00e0 longues tiges avec des morceaux de pain dans le fromage fondu et est accompagn\u00e9 d&#039;une salade et suivi d&#039;un dessert, \u00e9galement inclus trois verres de vin rouge ou blanc.<\/span><\/p>\n<p><span style=\"font-style: inherit;\">La Fondue est \u00e0 35\u20ac par personne.<\/span><\/p>\n<p>\n<\/div><\/div><\/div><div class=\"kc-elm kc-css-338702 kc_col-sm-6 kc_column kc_col-sm-6\"><div class=\"kc-col-container\"><div class=\"kc-elm kc-css-17940 kc_shortcode kc_single_image\">\n\n        <img decoding=\"async\" src=\"https:\/\/cdn.europeangayskiweek.com\/wp\/uploads\/2019\/06\/Untitled-1.jpg\" class=\"\" alt=\"\" \/>    <\/div>\n<\/div><\/div><\/div><\/div><\/section><section class=\"kc-elm kc-css-415198 kc_row\"><div class=\"kc-row-container  kc-container\"><div class=\"kc-wrap-columns\"><div class=\"kc-elm kc-css-997921 kc_col-sm-12 kc_column kc_col-sm-12\"><div class=\"kc-col-container\"><div class=\"kc-elm kc-css-862950\" style=\"height: 20px; clear: both; width:100%;\"><\/div><\/div><\/div><\/div><\/div><\/section><section class=\"kc-elm kc-css-698943 kc_row\"><div class=\"kc-row-container  kc-container\"><div class=\"kc-wrap-columns\"><div class=\"kc-elm kc-css-71353 kc_col-sm-6 kc_column kc_col-sm-6\"><div class=\"kc-col-container\"><div class=\"kc-elm kc-css-318504 kc_shortcode kc_single_image\">\n\n        <img decoding=\"async\" src=\"https:\/\/cdn.europeangayskiweek.com\/wp\/uploads\/2019\/06\/EGSW-Highlights-238-1.jpg\" class=\"\" alt=\"\" \/>    <\/div>\n<\/div><\/div><div class=\"kc-elm kc-css-645791 kc_col-sm-6 kc_column kc_col-sm-6\"><div class=\"kc-col-container\"><div class=\"kc-elm kc-css-239548 kc_text_block\"><\/p>\n<h3>RACLETTE<\/h3>\n<hr>\n<h5>35\u20ac<\/h5>\n<p>Pour ceux d&#039;entre vous qui n&#039;y connaissent rien... La raclette est essentiellement du fromage fondu, le fromage est amen\u00e9 \u00e0 table en tranches, accompagn\u00e9 de plateaux de pommes de terre bouillies ou cuites \u00e0 la vapeur, d&#039;autres l\u00e9gumes et de charcuterie. Celles-ci sont ensuite m\u00e9lang\u00e9es \u00e0 des pommes de terre et garnies de fromage dans de petites coupelles en forme de coin qui sont plac\u00e9es sous le gril pour faire fondre et dorer le fromage. Alternativement, des tranches de fromage peuvent \u00eatre fondues et simplement vers\u00e9es sur les aliments dans l&#039;assiette.<\/p>\n<p><span style=\"font-style: inherit;\">Le d\u00eener Raclette aura lieu de 19h30 \u00e0 21h30 le jeudi 21 mars et co\u00fbte 35,00 \u20ac par personne et comprend \u00e9galement trois verres de vin rouge ou blanc, du caf\u00e9 et un digestif.<\/span><\/p>\n<p>\n<\/div><\/div><\/div><\/div><\/div><\/section><section class=\"kc-elm kc-css-557058 kc_row\"><div class=\"kc-row-container  kc-container\"><div class=\"kc-wrap-columns\"><div class=\"kc-elm kc-css-317188 kc_col-sm-12 kc_column kc_col-sm-12\"><div class=\"kc-col-container\">\n<div class=\"kc-elm kc-css-462136 divider_line\">\n\t<div class=\"divider_inner divider_line1\">\n\t\t\t<\/div>\n<\/div>\n<\/div><\/div><\/div><\/div><\/section><\/p>\n","protected":false},"excerpt":{"rendered":"<p> [...]<\/p>\n<p><a class=\"btn btn-secondary understrap-read-more-link\" href=\"https:\/\/www.europeangayskiweek.com\/fr\/special-dinner-nights-and-parties-2\/soirees-raclette-et-fondue\/\">Read More...<\/a><\/p>\n<p> [...]<\/p>\n<p><a class=\"btn btn-secondary understrap-read-more-link\" href=\"https:\/\/www.europeangayskiweek.com\/fr\/special-dinner-nights-and-parties-2\/soirees-raclette-et-fondue\/\">Lire la suite\u2026<span class=\"screen-reader-text\"> from Soir\u00e9es sp\u00e9ciales Raclette et Fondue<\/span><\/a><\/p>\n","protected":false},"author":4,"featured_media":0,"parent":13633,"menu_order":2,"comment_status":"closed","ping_status":"closed","template":"page-templates\/fullwidthpage-upto1440.php","meta":{"footnotes":""},"class_list":["post-13619","page","type-page","status-publish","hentry"],"yoast_head":"<!-- This site is optimized with the Yoast SEO plugin v26.4 - https:\/\/yoast.com\/wordpress\/plugins\/seo\/ -->\r\n<title>La Plus Grande Gay Ski Week d&#039;Europe | EGSW | 22-29 Mar 2025<\/title>\r\n<meta name=\"description\" content=\"European Gay Ski Week, la plus grande semaine de ski gay d&#039;Europe, un brillant Apr\u00e8s, des spectacles fabuleux, un cabaret hilarant et des soir\u00e9es fantastiques.\" \/>\r\n<meta name=\"robots\" content=\"index, follow, max-snippet:-1, max-image-preview:large, max-video-preview:-1\" \/>\r\n<link rel=\"canonical\" href=\"https:\/\/www.europeangayskiweek.com\/fr\/special-dinner-nights-and-parties-2\/soirees-raclette-et-fondue\/\" \/>\r\n<meta property=\"og:locale\" content=\"fr_FR\" \/>\r\n<meta property=\"og:type\" content=\"article\" \/>\r\n<meta property=\"og:title\" content=\"La Plus Grande Gay Ski Week d&#039;Europe | EGSW | 22-29 Mar 2025\" \/>\r\n<meta property=\"og:description\" content=\"European Gay Ski Week, la plus grande semaine de ski gay d&#039;Europe, un brillant Apr\u00e8s, des spectacles fabuleux, un cabaret hilarant et des soir\u00e9es fantastiques.\" \/>\r\n<meta property=\"og:url\" content=\"https:\/\/www.europeangayskiweek.com\/fr\/special-dinner-nights-and-parties-2\/soirees-raclette-et-fondue\/\" \/>\r\n<meta property=\"og:site_name\" content=\"Europe&#039;s Biggest Gay Ski Week | EGSW | 2026 Coming Soon\" \/>\r\n<meta property=\"article:publisher\" content=\"https:\/\/www.facebook.com\/EuropeanGaySkiWeek\/\" \/>\r\n<meta property=\"article:modified_time\" content=\"2024-07-24T14:57:38+00:00\" \/>\r\n<meta property=\"og:image\" content=\"https:\/\/cdn.europeangayskiweek.com\/wp\/uploads\/2019\/12\/facebook_og.jpg\" \/>\r\n<meta name=\"twitter:card\" content=\"summary_large_image\" \/>\r\n<meta name=\"twitter:site\" content=\"@EuropeanGaySkiW\" \/>\r\n<meta name=\"twitter:label1\" content=\"Dur\u00e9e de lecture estim\u00e9e\" \/>\n\t<meta name=\"twitter:data1\" content=\"2 minutes\" \/>\r\n<script type=\"application\/ld+json\" class=\"yoast-schema-graph\">{\"@context\":\"https:\/\/schema.org\",\"@graph\":[{\"@type\":\"WebPage\",\"@id\":\"https:\/\/www.europeangayskiweek.com\/fr\/special-dinner-nights-and-parties-2\/soirees-raclette-et-fondue\/\",\"url\":\"https:\/\/www.europeangayskiweek.com\/fr\/special-dinner-nights-and-parties-2\/soirees-raclette-et-fondue\/\",\"name\":\"La Plus Grande Gay Ski Week d'Europe | EGSW | 22-29 Mar 2025\",\"isPartOf\":{\"@id\":\"https:\/\/www.europeangayskiweek.com\/#website\"},\"primaryImageOfPage\":{\"@id\":\"https:\/\/www.europeangayskiweek.com\/fr\/special-dinner-nights-and-parties-2\/soirees-raclette-et-fondue\/#primaryimage\"},\"image\":{\"@id\":\"https:\/\/www.europeangayskiweek.com\/fr\/special-dinner-nights-and-parties-2\/soirees-raclette-et-fondue\/#primaryimage\"},\"thumbnailUrl\":\"https:\/\/cdn.europeangayskiweek.com\/wp\/uploads\/2019\/06\/Untitled-1.jpg\",\"datePublished\":\"2019-02-11T10:07:16+00:00\",\"dateModified\":\"2024-07-24T14:57:38+00:00\",\"description\":\"European Gay Ski Week, la plus grande semaine de ski gay d'Europe, un brillant Apr\u00e8s, des spectacles fabuleux, un cabaret hilarant et des soir\u00e9es fantastiques.\",\"breadcrumb\":{\"@id\":\"https:\/\/www.europeangayskiweek.com\/fr\/special-dinner-nights-and-parties-2\/soirees-raclette-et-fondue\/#breadcrumb\"},\"inLanguage\":\"fr-FR\",\"potentialAction\":[{\"@type\":\"ReadAction\",\"target\":[\"https:\/\/www.europeangayskiweek.com\/fr\/special-dinner-nights-and-parties-2\/soirees-raclette-et-fondue\/\"]}]},{\"@type\":\"ImageObject\",\"inLanguage\":\"fr-FR\",\"@id\":\"https:\/\/www.europeangayskiweek.com\/fr\/special-dinner-nights-and-parties-2\/soirees-raclette-et-fondue\/#primaryimage\",\"url\":\"https:\/\/cdn.europeangayskiweek.com\/wp\/uploads\/2019\/06\/Untitled-1.jpg\",\"contentUrl\":\"https:\/\/cdn.europeangayskiweek.com\/wp\/uploads\/2019\/06\/Untitled-1.jpg\"},{\"@type\":\"BreadcrumbList\",\"@id\":\"https:\/\/www.europeangayskiweek.com\/fr\/special-dinner-nights-and-parties-2\/soirees-raclette-et-fondue\/#breadcrumb\",\"itemListElement\":[{\"@type\":\"ListItem\",\"position\":1,\"name\":\"Home\",\"item\":\"https:\/\/www.europeangayskiweek.com\/fr\/\"},{\"@type\":\"ListItem\",\"position\":2,\"name\":\"Programme D\u00eeners Cabaret et F\u00eates\",\"item\":\"https:\/\/www.europeangayskiweek.com\/fr\/special-dinner-nights-and-parties-2\/\"},{\"@type\":\"ListItem\",\"position\":3,\"name\":\"Soir\u00e9es sp\u00e9ciales Raclette et Fondue\"}]},{\"@type\":\"WebSite\",\"@id\":\"https:\/\/www.europeangayskiweek.com\/#website\",\"url\":\"https:\/\/www.europeangayskiweek.com\/\",\"name\":\"European Gay Ski Week | The Biggest Gay Winter Sports and Music Festival | Les Arcs Paradiski | 21-28 March 2020\",\"description\":\"Europe&#039;s N\u00b01 Gay Winter Sports &amp; Music Festival | Les Arcs - Arc 1950 &amp; Arc 2000 - Paradiski | European Gay Ski Week with International DJs &amp; Artists\",\"publisher\":{\"@id\":\"https:\/\/www.europeangayskiweek.com\/#organization\"},\"potentialAction\":[{\"@type\":\"SearchAction\",\"target\":{\"@type\":\"EntryPoint\",\"urlTemplate\":\"https:\/\/www.europeangayskiweek.com\/?s={search_term_string}\"},\"query-input\":{\"@type\":\"PropertyValueSpecification\",\"valueRequired\":true,\"valueName\":\"search_term_string\"}}],\"inLanguage\":\"fr-FR\"},{\"@type\":\"Organization\",\"@id\":\"https:\/\/www.europeangayskiweek.com\/#organization\",\"name\":\"European Gay Ski Week\",\"url\":\"https:\/\/www.europeangayskiweek.com\/\",\"logo\":{\"@type\":\"ImageObject\",\"inLanguage\":\"fr-FR\",\"@id\":\"https:\/\/www.europeangayskiweek.com\/#\/schema\/logo\/image\/\",\"url\":\"https:\/\/cdn.europeangayskiweek.com\/wp\/uploads\/2019\/06\/EGSW-Dateless-Black-02b.png\",\"contentUrl\":\"https:\/\/cdn.europeangayskiweek.com\/wp\/uploads\/2019\/06\/EGSW-Dateless-Black-02b.png\",\"width\":1346,\"height\":442,\"caption\":\"European Gay Ski Week\"},\"image\":{\"@id\":\"https:\/\/www.europeangayskiweek.com\/#\/schema\/logo\/image\/\"},\"sameAs\":[\"https:\/\/www.facebook.com\/EuropeanGaySkiWeek\/\",\"https:\/\/x.com\/EuropeanGaySkiW\",\"https:\/\/www.instagram.com\/europeangayskiweek\/\",\"https:\/\/www.youtube.com\/user\/JonHuntEGSW\"]}]}<\/script>\r\n<!-- \/ Yoast SEO plugin. -->","yoast_head_json":{"title":"La Plus Grande Gay Ski Week d'Europe | EGSW | 22-29 Mar 2025","description":"European Gay Ski Week, la plus grande semaine de ski gay d'Europe, un brillant Apr\u00e8s, des spectacles fabuleux, un cabaret hilarant et des soir\u00e9es fantastiques.","robots":{"index":"index","follow":"follow","max-snippet":"max-snippet:-1","max-image-preview":"max-image-preview:large","max-video-preview":"max-video-preview:-1"},"canonical":"https:\/\/www.europeangayskiweek.com\/fr\/special-dinner-nights-and-parties-2\/soirees-raclette-et-fondue\/","og_locale":"fr_FR","og_type":"article","og_title":"La Plus Grande Gay Ski Week d'Europe | EGSW | 22-29 Mar 2025","og_description":"European Gay Ski Week, la plus grande semaine de ski gay d'Europe, un brillant Apr\u00e8s, des spectacles fabuleux, un cabaret hilarant et des soir\u00e9es fantastiques.","og_url":"https:\/\/www.europeangayskiweek.com\/fr\/special-dinner-nights-and-parties-2\/soirees-raclette-et-fondue\/","og_site_name":"Europe&#039;s Biggest Gay Ski Week | EGSW | 2026 Coming Soon","article_publisher":"https:\/\/www.facebook.com\/EuropeanGaySkiWeek\/","article_modified_time":"2024-07-24T14:57:38+00:00","og_image":[{"url":"https:\/\/cdn.europeangayskiweek.com\/wp\/uploads\/2019\/12\/facebook_og.jpg","type":"","width":"","height":""}],"twitter_card":"summary_large_image","twitter_site":"@EuropeanGaySkiW","twitter_misc":{"Dur\u00e9e de lecture estim\u00e9e":"2 minutes"},"schema":{"@context":"https:\/\/schema.org","@graph":[{"@type":"WebPage","@id":"https:\/\/www.europeangayskiweek.com\/fr\/special-dinner-nights-and-parties-2\/soirees-raclette-et-fondue\/","url":"https:\/\/www.europeangayskiweek.com\/fr\/special-dinner-nights-and-parties-2\/soirees-raclette-et-fondue\/","name":"La Plus Grande Gay Ski Week d'Europe | EGSW | 22-29 Mar 2025","isPartOf":{"@id":"https:\/\/www.europeangayskiweek.com\/#website"},"primaryImageOfPage":{"@id":"https:\/\/www.europeangayskiweek.com\/fr\/special-dinner-nights-and-parties-2\/soirees-raclette-et-fondue\/#primaryimage"},"image":{"@id":"https:\/\/www.europeangayskiweek.com\/fr\/special-dinner-nights-and-parties-2\/soirees-raclette-et-fondue\/#primaryimage"},"thumbnailUrl":"https:\/\/cdn.europeangayskiweek.com\/wp\/uploads\/2019\/06\/Untitled-1.jpg","datePublished":"2019-02-11T10:07:16+00:00","dateModified":"2024-07-24T14:57:38+00:00","description":"European Gay Ski Week, la plus grande semaine de ski gay d'Europe, un brillant Apr\u00e8s, des spectacles fabuleux, un cabaret hilarant et des soir\u00e9es fantastiques.","breadcrumb":{"@id":"https:\/\/www.europeangayskiweek.com\/fr\/special-dinner-nights-and-parties-2\/soirees-raclette-et-fondue\/#breadcrumb"},"inLanguage":"fr-FR","potentialAction":[{"@type":"ReadAction","target":["https:\/\/www.europeangayskiweek.com\/fr\/special-dinner-nights-and-parties-2\/soirees-raclette-et-fondue\/"]}]},{"@type":"ImageObject","inLanguage":"fr-FR","@id":"https:\/\/www.europeangayskiweek.com\/fr\/special-dinner-nights-and-parties-2\/soirees-raclette-et-fondue\/#primaryimage","url":"https:\/\/cdn.europeangayskiweek.com\/wp\/uploads\/2019\/06\/Untitled-1.jpg","contentUrl":"https:\/\/cdn.europeangayskiweek.com\/wp\/uploads\/2019\/06\/Untitled-1.jpg"},{"@type":"BreadcrumbList","@id":"https:\/\/www.europeangayskiweek.com\/fr\/special-dinner-nights-and-parties-2\/soirees-raclette-et-fondue\/#breadcrumb","itemListElement":[{"@type":"ListItem","position":1,"name":"Home","item":"https:\/\/www.europeangayskiweek.com\/fr\/"},{"@type":"ListItem","position":2,"name":"Programme D\u00eeners Cabaret et F\u00eates","item":"https:\/\/www.europeangayskiweek.com\/fr\/special-dinner-nights-and-parties-2\/"},{"@type":"ListItem","position":3,"name":"Soir\u00e9es sp\u00e9ciales Raclette et Fondue"}]},{"@type":"WebSite","@id":"https:\/\/www.europeangayskiweek.com\/#website","url":"https:\/\/www.europeangayskiweek.com\/","name":"European Gay Ski Week | The Biggest Gay Winter Sports and Music Festival | Les Arcs Paradiski | 21-28 March 2020","description":"Europe&#039;s N\u00b01 Gay Winter Sports &amp; Music Festival | Les Arcs - Arc 1950 &amp; Arc 2000 - Paradiski | European Gay Ski Week with International DJs &amp; Artists","publisher":{"@id":"https:\/\/www.europeangayskiweek.com\/#organization"},"potentialAction":[{"@type":"SearchAction","target":{"@type":"EntryPoint","urlTemplate":"https:\/\/www.europeangayskiweek.com\/?s={search_term_string}"},"query-input":{"@type":"PropertyValueSpecification","valueRequired":true,"valueName":"search_term_string"}}],"inLanguage":"fr-FR"},{"@type":"Organization","@id":"https:\/\/www.europeangayskiweek.com\/#organization","name":"European Gay Ski Week","url":"https:\/\/www.europeangayskiweek.com\/","logo":{"@type":"ImageObject","inLanguage":"fr-FR","@id":"https:\/\/www.europeangayskiweek.com\/#\/schema\/logo\/image\/","url":"https:\/\/cdn.europeangayskiweek.com\/wp\/uploads\/2019\/06\/EGSW-Dateless-Black-02b.png","contentUrl":"https:\/\/cdn.europeangayskiweek.com\/wp\/uploads\/2019\/06\/EGSW-Dateless-Black-02b.png","width":1346,"height":442,"caption":"European Gay Ski Week"},"image":{"@id":"https:\/\/www.europeangayskiweek.com\/#\/schema\/logo\/image\/"},"sameAs":["https:\/\/www.facebook.com\/EuropeanGaySkiWeek\/","https:\/\/x.com\/EuropeanGaySkiW","https:\/\/www.instagram.com\/europeangayskiweek\/","https:\/\/www.youtube.com\/user\/JonHuntEGSW"]}]}},"_links":{"self":[{"href":"https:\/\/www.europeangayskiweek.com\/fr\/wp-json\/wp\/v2\/pages\/13619","targetHints":{"allow":["GET"]}}],"collection":[{"href":"https:\/\/www.europeangayskiweek.com\/fr\/wp-json\/wp\/v2\/pages"}],"about":[{"href":"https:\/\/www.europeangayskiweek.com\/fr\/wp-json\/wp\/v2\/types\/page"}],"author":[{"embeddable":true,"href":"https:\/\/www.europeangayskiweek.com\/fr\/wp-json\/wp\/v2\/users\/4"}],"replies":[{"embeddable":true,"href":"https:\/\/www.europeangayskiweek.com\/fr\/wp-json\/wp\/v2\/comments?post=13619"}],"version-history":[{"count":8,"href":"https:\/\/www.europeangayskiweek.com\/fr\/wp-json\/wp\/v2\/pages\/13619\/revisions"}],"predecessor-version":[{"id":20755,"href":"https:\/\/www.europeangayskiweek.com\/fr\/wp-json\/wp\/v2\/pages\/13619\/revisions\/20755"}],"up":[{"embeddable":true,"href":"https:\/\/www.europeangayskiweek.com\/fr\/wp-json\/wp\/v2\/pages\/13633"}],"wp:attachment":[{"href":"https:\/\/www.europeangayskiweek.com\/fr\/wp-json\/wp\/v2\/media?parent=13619"}],"curies":[{"name":"wp","href":"https:\/\/api.w.org\/{rel}","templated":true}]}}