{"id":13618,"date":"2019-02-08T17:12:38","date_gmt":"2019-02-08T17:12:38","guid":{"rendered":"https:\/\/e21.europeangayskiweek.com\/?page_id=13618"},"modified":"2024-07-24T14:33:59","modified_gmt":"2024-07-24T13:33:59","slug":"half-board-breakfast-dinner-option","status":"publish","type":"page","link":"https:\/\/www.europeangayskiweek.com\/fr\/half-board-breakfast-dinner-option\/","title":{"rendered":"Demi-pension, petits d\u00e9jeuners et d\u00eeners"},"content":{"rendered":"<p><section class=\"kc-elm kc-css-137837 kc_row\"><div class=\"kc-row-container  kc-container\"><div class=\"kc-wrap-columns\"><div class=\"kc-elm kc-css-612366 kc_col-sm-4 kc_column kc_col-sm-4\"><div class=\"kc-col-container\"><div class=\"kc-elm kc-css-816893 kc_shortcode kc_single_image\">\n\n        <img decoding=\"async\" src=\"https:\/\/cdn.europeangayskiweek.com\/wp\/uploads\/2019\/06\/visuel-principal-hotel-club-melezes-arc2000.jpg\" class=\"\" alt=\"\" \/>    <\/div>\n<\/div><\/div><div class=\"kc-elm kc-css-725809 kc_col-sm-8 kc_column kc_col-sm-8\"><div class=\"kc-col-container\"><div class=\"kc-elm kc-css-198213 kc_text_block\"><\/p>\n<h1 style=\"text-align: center;\">TOUT LE MONDE EST LE BIENVENU \u00e0 L&#039;H\u00d4TEL H\u00d4TE<\/h1>\n<p>L&#039;<b>H\u00f4tel H\u00f4te Les M\u00e9l\u00e8zes<\/b> est le point central de l&#039;European Gay Ski Week. Plus de 300 clients vont y s\u00e9journer pendant la semaine. Nous avons investi le restaurant, la salle de spectacles, le bar, et tous les espaces communs !<\/p>\n<p>Vous pouvez vous attendre \u00e0 des spectacles de cabaret, des performances de drag-queens, des d\u00e9licieux repas et de la f\u00eate jusqu&#039;au bout de la nuit.<\/p>\n<p>Rejoignez-nous en r\u00e9servant une des options ci-dessous.<\/p>\n<p>\n<\/div><\/div><\/div><\/div><\/div><\/section><section class=\"kc-elm kc-css-116883 kc_row\"><div class=\"kc-row-container  kc-container\"><div class=\"kc-wrap-columns\"><div class=\"kc-elm kc-css-269281 kc_col-sm-7 kc_column kc_col-sm-7\"><div class=\"kc-col-container\"><div class=\"kc-elm kc-css-588452 kc_text_block\"><\/p>\n<h3 style=\"text-align: left;\">D\u00eener de Bienvenue<\/h3>\n<p><strong>R\u00e9servation Anticip\u00e9e 30\u20ac<\/strong><\/p>\n<p><b>Ne ratez pas cette occasion unique de bien commencer la semaine !<\/b><\/p>\n<p>Notre d\u00eener de bienvenue r\u00e9unit les vieux amis, et accueille les nouvelles t\u00eates au sein de la bande EGSW. C&#039;est le meilleur moyen de sauter \u00e0 pied joint dans le moule EGSW et de se familiariser avec l&#039;\u00e9v\u00e9nement.<\/p>\n<p><b>Vous voyagez seul ?<\/b> Plonger la t\u00eate la premi\u00e8re dans l&#039;action, et faites de nouveaux amis d\u00e8s le premier soir. Nous organisons une table sp\u00e9ciale pour les Voyageurs Seuls (Solo Travellers Table) \u00e0 tous nos \u00e9v\u00e9nements d\u00eener et d\u00e9jeuner sur les pistes, pensez \u00e0 pr\u00e9ciser que vous souhaitez rejoindre cette table en<b> cochant l&#039;option<\/b> lors de votre r\u00e9servation.<\/p>\n<p>\n<\/div>\n<div class=\"kc-elm kc-css-37931 kc-pro-button kc-button-main\">\n\t<a href=\"https:\/\/www.europeangayskiweek.com\/fr\/quotes-book-now\/\">\n\t\t<span class=\"creative_title\">R\u00e9servez Maitnenant<\/span>\t<\/a>\n<\/div>\n<\/div><\/div><div class=\"kc-elm kc-css-933267 kc_col-sm-5 kc_column kc_col-sm-5\"><div class=\"kc-col-container\"><div class=\"kc-elm kc-css-914409 kc_shortcode kc_single_image\">\n\n        <img decoding=\"async\" src=\"https:\/\/cdn.europeangayskiweek.com\/wp\/uploads\/2019\/06\/Untitled-1-600x338.jpg\" class=\"\" alt=\"\" \/>    <\/div>\n<\/div><\/div><\/div><\/div><\/section><section class=\"kc-elm kc-css-82457 kc_row\"><div class=\"kc-row-container  kc-container\"><div class=\"kc-wrap-columns\"><div class=\"kc-elm kc-css-638329 kc_col-sm-12 kc_column kc_col-sm-12\"><div class=\"kc-col-container\"><div class=\"kc-elm kc-css-362742\" style=\"height: 20px; clear: both; width:100%;\"><\/div>\n<div class=\"kc-elm kc-css-407908 divider_line\">\n\t<div class=\"divider_inner divider_line1\">\n\t\t\t<\/div>\n<\/div>\n<div class=\"kc-elm kc-css-4159\" style=\"height: 20px; clear: both; width:100%;\"><\/div><\/div><\/div><\/div><\/div><\/section><section class=\"kc-elm kc-css-700840 kc_row\"><div class=\"kc-row-container  kc-container\"><div class=\"kc-wrap-columns\"><div class=\"kc-elm kc-css-304418 kc_col-sm-12 kc_column kc_col-sm-12\"><div class=\"kc-col-container\"><div class=\"kc-elm kc-css-356026 kc_row kc_row_inner\"><div class=\"kc-elm kc-css-163322 kc_col-sm-5 kc_column_inner kc_col-sm-5\"><div class=\"kc_wrapper kc-col-inner-container\"><div class=\"kc-elm kc-css-769717 kc_shortcode kc_single_image\">\n\n        <img decoding=\"async\" src=\"https:\/\/cdn.europeangayskiweek.com\/wp\/uploads\/2019\/06\/mmv-dinner.png\" class=\"\" alt=\"\" \/>    <\/div>\n<\/div><\/div><div class=\"kc-elm kc-css-891754 kc_col-sm-7 kc_column_inner kc_col-sm-7\"><div class=\"kc_wrapper kc-col-inner-container\"><div class=\"kc-elm kc-css-410526 kc_text_block\"><\/p>\n<h2>Option Demi-Pension<\/h2>\n<p><b>7 Petits D\u00e9jeuners Buffet+ 7 D\u00eeners Buffet, dont le D\u00eener de Bienvenue pour 225\u20ac<\/b><\/p>\n<p>Les petits d\u00e9jeuners seront servis tous les jours dans notre <b>H\u00f4tel H\u00f4te Les M\u00e9l\u00e8zes<\/b> \u00e0 Arc 2000, ou dans un restaurant d\u00e9sign\u00e9 \u00e0 Arc 1950 Le Village (restaurant \u00e0 confirmer).<\/p>\n<p>Le D\u00eener de Bienvenue et les autres d\u00eeners auront tous lieu \u00e0 l&#039;<span style=\"font-style: inherit;\"><b>H\u00f4tel H\u00f4te Les M\u00e9l\u00e8zes<\/b>.<\/span><\/p>\n<p>\n<\/div>\n<div class=\"kc-elm kc-css-101183 kc-pro-button kc-button-main\">\n\t<a href=\"https:\/\/www.europeangayskiweek.com\/fr\/quotes-book-now\/\">\n\t\t<span class=\"creative_title\">R\u00e9servez l:apos:option Demi-Pension<\/span>\t<\/a>\n<\/div>\n<\/div><\/div><\/div><div class=\"kc-elm kc-css-373399\" style=\"height: 20px; clear: both; width:100%;\"><\/div><\/div><\/div><\/div><\/div><\/section><section class=\"kc-elm kc-css-990052 kc_row\"><div class=\"kc-row-container  kc-container\"><div class=\"kc-wrap-columns\"><div class=\"kc-elm kc-css-31597 kc_col-sm-12 kc_column kc_col-sm-12\"><div class=\"kc-col-container\">\n<div class=\"kc-elm kc-css-423240 divider_line\">\n\t<div class=\"divider_inner divider_line3\">\n\t\t<span class=\"line_text\">OR<\/span>\t<\/div>\n<\/div>\n<\/div><\/div><\/div><\/div><\/section><section class=\"kc-elm kc-css-858476 kc_row\"><div class=\"kc-row-container  kc-container\"><div class=\"kc-wrap-columns\"><div class=\"kc-elm kc-css-35532 kc_col-sm-6 kc_column kc_col-sm-6\"><div class=\"kc-col-container\"><div class=\"kc-elm kc-css-141490\" style=\"height: 20px; clear: both; width:100%;\"><\/div><div class=\"kc-elm kc-css-119607 kc_shortcode kc_single_image\">\n\n        <img decoding=\"async\" src=\"https:\/\/cdn.europeangayskiweek.com\/wp\/uploads\/2019\/06\/buffet-viennoiseries.jpg\" class=\"\" alt=\"\" \/>    <\/div>\n<div class=\"kc-elm kc-css-788993\" style=\"height: 20px; clear: both; width:100%;\"><\/div><div class=\"kc-elm kc-css-920895 kc_text_block\"><\/p>\n<h2 style=\"text-align: center;\">Option Petits D\u00e9jeuners<\/h2>\n<p style=\"text-align: center;\"><strong>7 petits d\u00e9jeuners buffet pour 73.50\u20ac (10.50\u20ac par jour)<\/strong><\/p>\n<p>Servis tous les jours du dimanche au vendredi de 8h \u00e0 11h15* et le samedi de 7h \u00e0 11h15* dans notre <b>H\u00f4tel H\u00f4te Les M\u00e9l\u00e8zes<\/b> \u00e0 Arc 2000.<\/p>\n<p>Served every morning Sunday through Friday from 08:00 to 11:15* and Saturday from 7:00 to 11:15*.<\/p>\n<p>Buffet chaud et froid avec viandes, oeufs, fromage, yahourt, fruits, pains et viennoiseries, jus de fruits et caf\u00e9s \u00e0 volont\u00e9.<\/p>\n<p>L&#039;option petit d\u00e9jeuner \u00e0 Arc 1950 se r\u00e9alisera dans un restaurant d\u00e9sign\u00e9, le d\u00e9tail de l&#039;offre reste \u00e0 d\u00e9terminer. Nous mettrons \u00e0 jour cette page quand cela sera confirm\u00e9.<\/p>\n<p><small>*<span style=\"font-size: 14px;\">seulement viennoiseries \u00e0 partir de 10h30<\/span>.<\/small><\/p>\n<p>\n<\/div>\n<div class=\"kc-elm kc-css-573115 kc-pro-button kc-button-main\">\n\t<a href=\"https:\/\/www.europeangayskiweek.com\/fr\/quotes-book-now\/\">\n\t\t<span class=\"creative_title\">R\u00e9servez l:apos:option Petits D\u00e9jeuners<\/span>\t<\/a>\n<\/div>\n<\/div><\/div><div class=\"kc-elm kc-css-90627 kc_col-sm-6 kc_column kc_col-sm-6\"><div class=\"kc-col-container\"><div class=\"kc-elm kc-css-918725\" style=\"height: 20px; clear: both; width:100%;\"><\/div><div class=\"kc-elm kc-css-558471 kc_shortcode kc_single_image\">\n\n        <img decoding=\"async\" src=\"https:\/\/cdn.europeangayskiweek.com\/wp\/uploads\/2019\/06\/cheese-buffet.jpg\" class=\"\" alt=\"\" \/>    <\/div>\n<div class=\"kc-elm kc-css-551113\" style=\"height: 20px; clear: both; width:100%;\"><\/div><div class=\"kc-elm kc-css-542450 kc_text_block\"><\/p>\n<h2 style=\"text-align: center;\">Option D\u00eeners<\/h2>\n<p style=\"text-align: center;\"><strong>D\u00eener de Bienvenue et 4 d\u00eeners buffets pour 137.50\u20ac (27.50\u20ac par dinner)<\/strong><\/p>\n<p>Cette option vous ouvre droit au D\u00eener de Bienvenue (le amedi) et quatre d\u00eener de votre choix dans la semaine (\u00e0 partir du dimanche)\u00a0<span style=\"font-style: inherit;\">dans notre <b>H\u00f4tel H\u00f4te Les M\u00e9l\u00e8zes<\/b> \u00e0 Arc 2000.<\/span><\/p>\n<p>Buffet \u00e0 volont\u00e9 avec salades, fromages, desserts, glaces, fruits, pizza, p\u00e2tes, et deux p\u00f4les de sp\u00e9cialit\u00e9s\/grill cuisin\u00e9s \u00e0 la demande. Satisfait aux r\u00e9gimes particuliers type sans gluten, v\u00e9g\u00e9tarien et v\u00e9g\u00e9talien.<\/p>\n<p>Boissons vins, jus de fruits et caf\u00e9s\/th\u00e9s\/infusions \u00e0 volont\u00e9.<\/p>\n<p><strong style=\"font-style: inherit;\">Table de voyageurs seuls <\/strong><span style=\"font-style: inherit;\">disponible tous les soirs.<\/span><\/p>\n<p>\n<\/div>\n<div class=\"kc-elm kc-css-685503 kc-pro-button kc-button-main\">\n\t<a href=\"https:\/\/www.europeangayskiweek.com\/fr\/quotes-book-now\/\">\n\t\t<span class=\"creative_title\">R\u00e9server l:apos:option D\u00eener<\/span>\t<\/a>\n<\/div>\n<\/div><\/div><\/div><\/div><\/section><section class=\"kc-elm kc-css-673983 kc_row\"><div class=\"kc-row-container  kc-container\"><div class=\"kc-wrap-columns\"><div class=\"kc-elm kc-css-427436 kc_col-sm-6 kc_column kc_col-sm-6\"><div class=\"kc-col-container\">\n<div class=\"kc-elm kc-css-606689 divider_line\">\n\t<div class=\"divider_inner divider_line1\">\n\t\t\t<\/div>\n<\/div>\n<\/div><\/div><div class=\"kc-elm kc-css-946061 kc_col-sm-6 kc_column kc_col-sm-6\"><div class=\"kc-col-container\">\n<div class=\"kc-elm kc-css-484970 divider_line\">\n\t<div class=\"divider_inner divider_line1\">\n\t\t\t<\/div>\n<\/div>\n<\/div><\/div><\/div><\/div><\/section><\/p>\n","protected":false},"excerpt":{"rendered":"<p> [...]<\/p>\n<p><a class=\"btn btn-secondary understrap-read-more-link\" href=\"https:\/\/www.europeangayskiweek.com\/fr\/half-board-breakfast-dinner-option\/\">Read More...<\/a><\/p>\n<p> [...]<\/p>\n<p><a class=\"btn btn-secondary understrap-read-more-link\" href=\"https:\/\/www.europeangayskiweek.com\/fr\/half-board-breakfast-dinner-option\/\">Lire la suite\u2026<span class=\"screen-reader-text\"> from Demi-pension, petits d\u00e9jeuners et d\u00eeners<\/span><\/a><\/p>\n","protected":false},"author":4,"featured_media":0,"parent":0,"menu_order":2,"comment_status":"closed","ping_status":"closed","template":"page-templates\/fullwidthpage-upto1440.php","meta":{"footnotes":""},"class_list":["post-13618","page","type-page","status-publish","hentry"],"yoast_head":"<!-- This site is optimized with the Yoast SEO plugin v26.4 - https:\/\/yoast.com\/wordpress\/plugins\/seo\/ -->\r\n<title>Europe&#039;s Biggest Gay Ski Week | EGSW | 2026 Coming Soon - Demi-pension, petits d\u00e9jeuners et d\u00eeners<\/title>\r\n<meta name=\"description\" content=\"European Gay Ski Week, la plus grande semaine de ski gay d&#039;Europe, un brillant Apr\u00e8s, des spectacles fabuleux, un cabaret hilarant et des soir\u00e9es fantastiques.\" \/>\r\n<meta name=\"robots\" content=\"index, follow, max-snippet:-1, max-image-preview:large, max-video-preview:-1\" \/>\r\n<link rel=\"canonical\" href=\"https:\/\/www.europeangayskiweek.com\/fr\/half-board-breakfast-dinner-option\/\" \/>\r\n<meta property=\"og:locale\" content=\"fr_FR\" \/>\r\n<meta property=\"og:type\" content=\"article\" \/>\r\n<meta property=\"og:title\" content=\"Europe&#039;s Biggest Gay Ski Week | EGSW | 2026 Coming Soon - Demi-pension, petits d\u00e9jeuners et d\u00eeners\" \/>\r\n<meta property=\"og:description\" content=\"European Gay Ski Week, la plus grande semaine de ski gay d&#039;Europe, un brillant Apr\u00e8s, des spectacles fabuleux, un cabaret hilarant et des soir\u00e9es fantastiques.\" \/>\r\n<meta property=\"og:url\" content=\"https:\/\/www.europeangayskiweek.com\/fr\/half-board-breakfast-dinner-option\/\" \/>\r\n<meta property=\"og:site_name\" content=\"Europe&#039;s Biggest Gay Ski Week | EGSW | 2026 Coming Soon\" \/>\r\n<meta property=\"article:publisher\" content=\"https:\/\/www.facebook.com\/EuropeanGaySkiWeek\/\" \/>\r\n<meta property=\"article:modified_time\" content=\"2024-07-24T13:33:59+00:00\" \/>\r\n<meta property=\"og:image\" content=\"https:\/\/cdn.europeangayskiweek.com\/wp\/uploads\/2020\/07\/facebook_og.jpg\" \/>\r\n\t<meta property=\"og:image:width\" content=\"1200\" \/>\r\n\t<meta property=\"og:image:height\" content=\"630\" \/>\r\n\t<meta property=\"og:image:type\" content=\"image\/jpeg\" \/>\r\n<meta name=\"twitter:card\" content=\"summary_large_image\" \/>\r\n<meta name=\"twitter:site\" content=\"@EuropeanGaySkiW\" \/>\r\n<meta name=\"twitter:label1\" content=\"Dur\u00e9e de lecture estim\u00e9e\" \/>\n\t<meta name=\"twitter:data1\" content=\"3 minutes\" \/>\r\n<script type=\"application\/ld+json\" class=\"yoast-schema-graph\">{\"@context\":\"https:\/\/schema.org\",\"@graph\":[{\"@type\":\"WebPage\",\"@id\":\"https:\/\/www.europeangayskiweek.com\/fr\/half-board-breakfast-dinner-option\/\",\"url\":\"https:\/\/www.europeangayskiweek.com\/fr\/half-board-breakfast-dinner-option\/\",\"name\":\"Europe&#039;s Biggest Gay Ski Week | EGSW | 2026 Coming Soon - Demi-pension, petits d\u00e9jeuners et d\u00eeners\",\"isPartOf\":{\"@id\":\"https:\/\/www.europeangayskiweek.com\/#website\"},\"primaryImageOfPage\":{\"@id\":\"https:\/\/www.europeangayskiweek.com\/fr\/half-board-breakfast-dinner-option\/#primaryimage\"},\"image\":{\"@id\":\"https:\/\/www.europeangayskiweek.com\/fr\/half-board-breakfast-dinner-option\/#primaryimage\"},\"thumbnailUrl\":\"https:\/\/cdn.europeangayskiweek.com\/wp\/uploads\/2019\/06\/visuel-principal-hotel-club-melezes-arc2000.jpg\",\"datePublished\":\"2019-02-08T17:12:38+00:00\",\"dateModified\":\"2024-07-24T13:33:59+00:00\",\"description\":\"European Gay Ski Week, la plus grande semaine de ski gay d'Europe, un brillant Apr\u00e8s, des spectacles fabuleux, un cabaret hilarant et des soir\u00e9es fantastiques.\",\"breadcrumb\":{\"@id\":\"https:\/\/www.europeangayskiweek.com\/fr\/half-board-breakfast-dinner-option\/#breadcrumb\"},\"inLanguage\":\"fr-FR\",\"potentialAction\":[{\"@type\":\"ReadAction\",\"target\":[\"https:\/\/www.europeangayskiweek.com\/fr\/half-board-breakfast-dinner-option\/\"]}]},{\"@type\":\"ImageObject\",\"inLanguage\":\"fr-FR\",\"@id\":\"https:\/\/www.europeangayskiweek.com\/fr\/half-board-breakfast-dinner-option\/#primaryimage\",\"url\":\"https:\/\/cdn.europeangayskiweek.com\/wp\/uploads\/2019\/06\/visuel-principal-hotel-club-melezes-arc2000.jpg\",\"contentUrl\":\"https:\/\/cdn.europeangayskiweek.com\/wp\/uploads\/2019\/06\/visuel-principal-hotel-club-melezes-arc2000.jpg\"},{\"@type\":\"BreadcrumbList\",\"@id\":\"https:\/\/www.europeangayskiweek.com\/fr\/half-board-breakfast-dinner-option\/#breadcrumb\",\"itemListElement\":[{\"@type\":\"ListItem\",\"position\":1,\"name\":\"Home\",\"item\":\"https:\/\/www.europeangayskiweek.com\/fr\/\"},{\"@type\":\"ListItem\",\"position\":2,\"name\":\"Demi-pension, petits d\u00e9jeuners et d\u00eeners\"}]},{\"@type\":\"WebSite\",\"@id\":\"https:\/\/www.europeangayskiweek.com\/#website\",\"url\":\"https:\/\/www.europeangayskiweek.com\/\",\"name\":\"European Gay Ski Week | The Biggest Gay Winter Sports and Music Festival | Les Arcs Paradiski | 21-28 March 2020\",\"description\":\"Europe&#039;s N\u00b01 Gay Winter Sports &amp; Music Festival | Les Arcs - Arc 1950 &amp; Arc 2000 - Paradiski | European Gay Ski Week with International DJs &amp; Artists\",\"publisher\":{\"@id\":\"https:\/\/www.europeangayskiweek.com\/#organization\"},\"potentialAction\":[{\"@type\":\"SearchAction\",\"target\":{\"@type\":\"EntryPoint\",\"urlTemplate\":\"https:\/\/www.europeangayskiweek.com\/?s={search_term_string}\"},\"query-input\":{\"@type\":\"PropertyValueSpecification\",\"valueRequired\":true,\"valueName\":\"search_term_string\"}}],\"inLanguage\":\"fr-FR\"},{\"@type\":\"Organization\",\"@id\":\"https:\/\/www.europeangayskiweek.com\/#organization\",\"name\":\"European Gay Ski Week\",\"url\":\"https:\/\/www.europeangayskiweek.com\/\",\"logo\":{\"@type\":\"ImageObject\",\"inLanguage\":\"fr-FR\",\"@id\":\"https:\/\/www.europeangayskiweek.com\/#\/schema\/logo\/image\/\",\"url\":\"https:\/\/cdn.europeangayskiweek.com\/wp\/uploads\/2019\/06\/EGSW-Dateless-Black-02b.png\",\"contentUrl\":\"https:\/\/cdn.europeangayskiweek.com\/wp\/uploads\/2019\/06\/EGSW-Dateless-Black-02b.png\",\"width\":1346,\"height\":442,\"caption\":\"European Gay Ski Week\"},\"image\":{\"@id\":\"https:\/\/www.europeangayskiweek.com\/#\/schema\/logo\/image\/\"},\"sameAs\":[\"https:\/\/www.facebook.com\/EuropeanGaySkiWeek\/\",\"https:\/\/x.com\/EuropeanGaySkiW\",\"https:\/\/www.instagram.com\/europeangayskiweek\/\",\"https:\/\/www.youtube.com\/user\/JonHuntEGSW\"]}]}<\/script>\r\n<!-- \/ Yoast SEO plugin. -->","yoast_head_json":{"title":"Europe&#039;s Biggest Gay Ski Week | EGSW | 2026 Coming Soon - Demi-pension, petits d\u00e9jeuners et d\u00eeners","description":"European Gay Ski Week, la plus grande semaine de ski gay d'Europe, un brillant Apr\u00e8s, des spectacles fabuleux, un cabaret hilarant et des soir\u00e9es fantastiques.","robots":{"index":"index","follow":"follow","max-snippet":"max-snippet:-1","max-image-preview":"max-image-preview:large","max-video-preview":"max-video-preview:-1"},"canonical":"https:\/\/www.europeangayskiweek.com\/fr\/half-board-breakfast-dinner-option\/","og_locale":"fr_FR","og_type":"article","og_title":"Europe&#039;s Biggest Gay Ski Week | EGSW | 2026 Coming Soon - Demi-pension, petits d\u00e9jeuners et d\u00eeners","og_description":"European Gay Ski Week, la plus grande semaine de ski gay d'Europe, un brillant Apr\u00e8s, des spectacles fabuleux, un cabaret hilarant et des soir\u00e9es fantastiques.","og_url":"https:\/\/www.europeangayskiweek.com\/fr\/half-board-breakfast-dinner-option\/","og_site_name":"Europe&#039;s Biggest Gay Ski Week | EGSW | 2026 Coming Soon","article_publisher":"https:\/\/www.facebook.com\/EuropeanGaySkiWeek\/","article_modified_time":"2024-07-24T13:33:59+00:00","og_image":[{"width":1200,"height":630,"url":"https:\/\/cdn.europeangayskiweek.com\/wp\/uploads\/2020\/07\/facebook_og.jpg","type":"image\/jpeg"}],"twitter_card":"summary_large_image","twitter_site":"@EuropeanGaySkiW","twitter_misc":{"Dur\u00e9e de lecture estim\u00e9e":"3 minutes"},"schema":{"@context":"https:\/\/schema.org","@graph":[{"@type":"WebPage","@id":"https:\/\/www.europeangayskiweek.com\/fr\/half-board-breakfast-dinner-option\/","url":"https:\/\/www.europeangayskiweek.com\/fr\/half-board-breakfast-dinner-option\/","name":"Europe&#039;s Biggest Gay Ski Week | EGSW | 2026 Coming Soon - Demi-pension, petits d\u00e9jeuners et d\u00eeners","isPartOf":{"@id":"https:\/\/www.europeangayskiweek.com\/#website"},"primaryImageOfPage":{"@id":"https:\/\/www.europeangayskiweek.com\/fr\/half-board-breakfast-dinner-option\/#primaryimage"},"image":{"@id":"https:\/\/www.europeangayskiweek.com\/fr\/half-board-breakfast-dinner-option\/#primaryimage"},"thumbnailUrl":"https:\/\/cdn.europeangayskiweek.com\/wp\/uploads\/2019\/06\/visuel-principal-hotel-club-melezes-arc2000.jpg","datePublished":"2019-02-08T17:12:38+00:00","dateModified":"2024-07-24T13:33:59+00:00","description":"European Gay Ski Week, la plus grande semaine de ski gay d'Europe, un brillant Apr\u00e8s, des spectacles fabuleux, un cabaret hilarant et des soir\u00e9es fantastiques.","breadcrumb":{"@id":"https:\/\/www.europeangayskiweek.com\/fr\/half-board-breakfast-dinner-option\/#breadcrumb"},"inLanguage":"fr-FR","potentialAction":[{"@type":"ReadAction","target":["https:\/\/www.europeangayskiweek.com\/fr\/half-board-breakfast-dinner-option\/"]}]},{"@type":"ImageObject","inLanguage":"fr-FR","@id":"https:\/\/www.europeangayskiweek.com\/fr\/half-board-breakfast-dinner-option\/#primaryimage","url":"https:\/\/cdn.europeangayskiweek.com\/wp\/uploads\/2019\/06\/visuel-principal-hotel-club-melezes-arc2000.jpg","contentUrl":"https:\/\/cdn.europeangayskiweek.com\/wp\/uploads\/2019\/06\/visuel-principal-hotel-club-melezes-arc2000.jpg"},{"@type":"BreadcrumbList","@id":"https:\/\/www.europeangayskiweek.com\/fr\/half-board-breakfast-dinner-option\/#breadcrumb","itemListElement":[{"@type":"ListItem","position":1,"name":"Home","item":"https:\/\/www.europeangayskiweek.com\/fr\/"},{"@type":"ListItem","position":2,"name":"Demi-pension, petits d\u00e9jeuners et d\u00eeners"}]},{"@type":"WebSite","@id":"https:\/\/www.europeangayskiweek.com\/#website","url":"https:\/\/www.europeangayskiweek.com\/","name":"European Gay Ski Week | The Biggest Gay Winter Sports and Music Festival | Les Arcs Paradiski | 21-28 March 2020","description":"Europe&#039;s N\u00b01 Gay Winter Sports &amp; Music Festival | Les Arcs - Arc 1950 &amp; Arc 2000 - Paradiski | European Gay Ski Week with International DJs &amp; Artists","publisher":{"@id":"https:\/\/www.europeangayskiweek.com\/#organization"},"potentialAction":[{"@type":"SearchAction","target":{"@type":"EntryPoint","urlTemplate":"https:\/\/www.europeangayskiweek.com\/?s={search_term_string}"},"query-input":{"@type":"PropertyValueSpecification","valueRequired":true,"valueName":"search_term_string"}}],"inLanguage":"fr-FR"},{"@type":"Organization","@id":"https:\/\/www.europeangayskiweek.com\/#organization","name":"European Gay Ski Week","url":"https:\/\/www.europeangayskiweek.com\/","logo":{"@type":"ImageObject","inLanguage":"fr-FR","@id":"https:\/\/www.europeangayskiweek.com\/#\/schema\/logo\/image\/","url":"https:\/\/cdn.europeangayskiweek.com\/wp\/uploads\/2019\/06\/EGSW-Dateless-Black-02b.png","contentUrl":"https:\/\/cdn.europeangayskiweek.com\/wp\/uploads\/2019\/06\/EGSW-Dateless-Black-02b.png","width":1346,"height":442,"caption":"European Gay Ski Week"},"image":{"@id":"https:\/\/www.europeangayskiweek.com\/#\/schema\/logo\/image\/"},"sameAs":["https:\/\/www.facebook.com\/EuropeanGaySkiWeek\/","https:\/\/x.com\/EuropeanGaySkiW","https:\/\/www.instagram.com\/europeangayskiweek\/","https:\/\/www.youtube.com\/user\/JonHuntEGSW"]}]}},"_links":{"self":[{"href":"https:\/\/www.europeangayskiweek.com\/fr\/wp-json\/wp\/v2\/pages\/13618","targetHints":{"allow":["GET"]}}],"collection":[{"href":"https:\/\/www.europeangayskiweek.com\/fr\/wp-json\/wp\/v2\/pages"}],"about":[{"href":"https:\/\/www.europeangayskiweek.com\/fr\/wp-json\/wp\/v2\/types\/page"}],"author":[{"embeddable":true,"href":"https:\/\/www.europeangayskiweek.com\/fr\/wp-json\/wp\/v2\/users\/4"}],"replies":[{"embeddable":true,"href":"https:\/\/www.europeangayskiweek.com\/fr\/wp-json\/wp\/v2\/comments?post=13618"}],"version-history":[{"count":13,"href":"https:\/\/www.europeangayskiweek.com\/fr\/wp-json\/wp\/v2\/pages\/13618\/revisions"}],"predecessor-version":[{"id":20713,"href":"https:\/\/www.europeangayskiweek.com\/fr\/wp-json\/wp\/v2\/pages\/13618\/revisions\/20713"}],"wp:attachment":[{"href":"https:\/\/www.europeangayskiweek.com\/fr\/wp-json\/wp\/v2\/media?parent=13618"}],"curies":[{"name":"wp","href":"https:\/\/api.w.org\/{rel}","templated":true}]}}