{"id":13566,"date":"2019-06-24T14:25:27","date_gmt":"2019-06-24T13:25:27","guid":{"rendered":"https:\/\/e21.europeangayskiweek.com\/?page_id=13566"},"modified":"2025-09-06T13:22:19","modified_gmt":"2025-09-06T12:22:19","slug":"solo-travellers","status":"publish","type":"page","link":"https:\/\/www.europeangayskiweek.com\/fr\/solo-travellers\/","title":{"rendered":"Voyageurs Seuls"},"content":{"rendered":"<p><section class=\"kc-elm kc-css-576216 kc_row\"><div class=\"kc-row-container  kc-container\"><div class=\"kc-wrap-columns\"><div class=\"kc-elm kc-css-206154 kc_col-sm-10 kc_column kc_col-sm-10\"><div class=\"kc-col-container\"><div class=\"kc-elm kc-css-641118 kc_text_block\"><\/p>\n<h1 style=\"text-align: center;\">Vous voyagez Solo?<\/h1>\n<p>\n<\/div><div class=\"kc-elm kc-css-219275\" style=\"height: 60px; clear: both; width:100%;\"><\/div><div class=\"kc-elm kc-css-279009 kc_text_block\"><\/p>\n<p><strong>Nous savons que partir en vacances seul peut parfois revenir cher. Nous avons ainsi pr\u00e9par\u00e9 un r\u00e9capitulatif\u00a0 de comment venir \u00e0 EUropean Gay Ski Week de la meni\u00e8re qui convient le mieux \u00e0 votre budget.<\/strong><\/p>\n<p>Voici les trois options :<\/p>\n<ol>\n<li><strong>Occupation seule<\/strong>. Vous r\u00e9servez votre propre chambre d&#039;h\u00f4tel ou appartement pour vous seul. Tarifs \u00e0 partir de 789\u20ac en studio logement seul. Vous pouvez aussi r\u00e9server une chambre d&#039;h\u00f4tel ou des appartements plus grands.<\/li>\n<li><strong>Random Roommate<\/strong>. Vous partagerez le logement que vous r\u00e9servez, un appartement ou une chambre d&#039;h\u00f4tel, avec une autre personne au hasard. Prix \u00e0 partir de 1099\u20ac (studio 2* en logement seul avec forfait 6 jours Val Thorens et Pass \u00c9v\u00e9nement inclus).<\/li>\n<li><strong>Shared Accommodation<\/strong>. vous r\u00e9servez un lit dans un studio ou appartement o\u00f9 tous les autres couchages sont occup\u00e9s par d&#039;autres participant au programme Shared Accommodation. Prix \u00e0 partir de 599\u20ac (studio 2* en logement seul avec forfait 6 jours Val Thorens et Pass \u00c9v\u00e9nement inclus).<\/li>\n<\/ol>\n<p>Notre programme Shared Accommodation vous permet de partager un h\u00e9bergement \u00a0soit dans<strong> un studio ou un appartement<\/strong> en logement seul (option demi-pension disponible et vivement recommand\u00e9e). Combin\u00e9 avec l&#039;option <strong>Demi-Pension<\/strong>, vous pouvez prendre les petits d\u00e9jeuners et d\u00eeners \u00e0 la <strong>table Solo Travellers<\/strong>, et participer au <strong>Welcome Dinner<\/strong> du samedi.<\/p>\n<p>\n<\/div><div class=\"kc-elm kc-css-791622\" style=\"height: 20px; clear: both; width:100%;\"><\/div><div class=\"kc-elm kc-css-900932 kc_row kc_row_inner\"><div class=\"kc-elm kc-css-238207 kc_col-sm-12 kc_column_inner kc_col-sm-12\"><div class=\"kc_wrapper kc-col-inner-container\">\n<div class=\"kc-elm kc-css-958186\">\n\t<a class=\"kc_button\" href=\"https:\/\/www.europeangayskiweek.com\/fr\/the-accommodation\/shared-accommodation\/\" target=\"_self\" title=\"H\u00e9bergement partag\u00e9s\" onclick=\"\">\n\t\tVoir les H\u00e9bergement partag\u00e9s\t<\/a>\n<\/div>\n<\/div><\/div><\/div><div class=\"kc-elm kc-css-515958\" style=\"height: 60px; clear: both; width:100%;\"><\/div><div class=\"kc-elm kc-css-763301 kc_text_block\"><\/p>\n<h3>Et ce n&#039;est pas tout!<\/h3>\n<p>Pendant toute la semaine, nous organisons aussi des<strong> soir\u00e9es sp\u00e9ciales<\/strong> <strong>Fondue<\/strong> ou <strong>Raclette<\/strong> lors desquelles vous pouvez vous joindre \u00e0 la table des <strong>Voyageurs Seuls<\/strong>. Vous pouvez r\u00e9server ces soir\u00e9es s\u00e9paremment.<\/p>\n<p>Enfin, pour faire p\u00e9tiller vos journ\u00e9es de ski, nous vous proposons de rejoindre nos <strong>Groupes Guid\u00e9s<\/strong> de ski, <strong>cours de ski<\/strong> et moult autres <strong>activit\u00e9s<\/strong> en journ\u00e9e qui sont autant d&#039;occasio nde rencontrer des gens.<\/p>\n<p>Pour les soir\u00e9es votre <strong>Pass \u00c9v\u00e9nement<\/strong> inclus dans votre forfait vous donne acc\u00e8s \u00e0 <strong>tous les spectacles et soir\u00e9es<\/strong>, pendant lesquelles vous profiter d&#039;un carnet de <strong>tickets de boisson Happy Hour<\/strong> pour encore mieux profiter !<\/p>\n<p>\n<\/div><div class=\"kc-elm kc-css-326322\" style=\"height: 20px; clear: both; width:100%;\"><\/div><div class=\"kc-elm kc-css-243110\" style=\"height: 60px; clear: both; width:100%;\"><\/div><\/div><\/div><div class=\"kc-elm kc-css-537221 kc_col-of-5 kc_column kc_col-of-5\"><div class=\"kc-col-container\"><div class=\"kc-elm kc-css-709098 kc_shortcode kc_single_image\">\n\n        <img decoding=\"async\" src=\"https:\/\/cdn.europeangayskiweek.com\/wp\/uploads\/2019\/06\/outline-12.png\" class=\"\" alt=\"\" \/>    <\/div>\n<\/div><\/div><\/div><\/div><\/section><section class=\"kc-elm kc-css-653693 kc_row\"><div class=\"kc-row-container  kc-container\"><div class=\"kc-wrap-columns\"><div class=\"kc-elm kc-css-609325 kc_col-sm-10 kc_column kc_col-sm-10\"><div class=\"kc-col-container\"><div class=\"kc-elm kc-css-576924\" style=\"height: 20px; clear: both; width:100%;\"><\/div><div class=\"kc-elm kc-css-595697 kc_row kc_row_inner\"><div class=\"kc-elm kc-css-794964 kc_col-sm-6 kc_column_inner kc_col-sm-6\"><div class=\"kc_wrapper kc-col-inner-container\">\n<div class=\"kc-elm kc-css-716327\">\n\t<a class=\"kc_button\" href=\"https:\/\/www.europeangayskiweek.com\/fr\/special-dinner-nights-and-parties\/\" target=\"_self\" title=\"Soir\u00e9es Sp\u00e9ciales et Clubbing\" onclick=\"\">\n\t\tSoir\u00e9e D\u00eeners\t<\/a>\n<\/div>\n<\/div><\/div><div class=\"kc-elm kc-css-927234 kc_col-sm-6 kc_column_inner kc_col-sm-6\"><div class=\"kc_wrapper kc-col-inner-container\">\n<div class=\"kc-elm kc-css-973276\">\n\t<a class=\"kc_button\" href=\"https:\/\/www.europeangayskiweek.com\/fr\/daytime-events-and-activities\/\" target=\"_self\" title=\"\u00c9v\u00e9nements et activit\u00e9s en journ\u00e9e\" onclick=\"\">\n\t\t\u00c9v\u00e9nements et activit\u00e9s en journ\u00e9e\t<\/a>\n<\/div>\n<\/div><\/div><\/div><div class=\"kc-elm kc-css-713977\" style=\"height: 60px; clear: both; width:100%;\"><\/div><\/div><\/div><div class=\"kc-elm kc-css-839813 kc_col-of-5 kc_column kc_col-of-5\"><div class=\"kc-col-container\"><div class=\"kc-elm kc-css-483346 kc_shortcode kc_single_image\">\n\n        <img decoding=\"async\" src=\"https:\/\/cdn.europeangayskiweek.com\/wp\/uploads\/2019\/06\/outline-12.png\" class=\"\" alt=\"\" \/>    <\/div>\n<\/div><\/div><\/div><\/div><\/section><\/p>\n","protected":false},"excerpt":{"rendered":"<p> [...]<\/p>\n<p><a class=\"btn btn-secondary understrap-read-more-link\" href=\"https:\/\/www.europeangayskiweek.com\/fr\/solo-travellers\/\">Read More...<\/a><\/p>\n<p> [...]<\/p>\n<p><a class=\"btn btn-secondary understrap-read-more-link\" href=\"https:\/\/www.europeangayskiweek.com\/fr\/solo-travellers\/\">Lire la suite\u2026<span class=\"screen-reader-text\"> from Voyageurs Seuls<\/span><\/a><\/p>\n","protected":false},"author":4,"featured_media":0,"parent":0,"menu_order":0,"comment_status":"closed","ping_status":"closed","template":"page-templates\/fullwidthpage-upto1440.php","meta":{"footnotes":""},"class_list":["post-13566","page","type-page","status-publish","hentry"],"yoast_head":"<!-- This site is optimized with the Yoast SEO plugin v26.4 - https:\/\/yoast.com\/wordpress\/plugins\/seo\/ -->\r\n<title>La Plus Grande Gay Ski Week d&#039;Europe | EGSW | 22-29 Mar 2025<\/title>\r\n<meta name=\"description\" content=\"European Gay Ski Week, la plus grande semaine de ski gay d&#039;Europe, un brillant Apr\u00e8s, des spectacles fabuleux, un cabaret hilarant et des soir\u00e9es fantastiques.\" \/>\r\n<meta name=\"robots\" content=\"index, follow, max-snippet:-1, max-image-preview:large, max-video-preview:-1\" \/>\r\n<link rel=\"canonical\" href=\"https:\/\/www.europeangayskiweek.com\/fr\/solo-travellers\/\" \/>\r\n<meta property=\"og:locale\" content=\"fr_FR\" \/>\r\n<meta property=\"og:type\" content=\"article\" \/>\r\n<meta property=\"og:title\" content=\"La Plus Grande Gay Ski Week d&#039;Europe | EGSW | 22-29 Mar 2025\" \/>\r\n<meta property=\"og:description\" content=\"European Gay Ski Week, la plus grande semaine de ski gay d&#039;Europe, un brillant Apr\u00e8s, des spectacles fabuleux, un cabaret hilarant et des soir\u00e9es fantastiques.\" \/>\r\n<meta property=\"og:url\" content=\"https:\/\/www.europeangayskiweek.com\/fr\/solo-travellers\/\" \/>\r\n<meta property=\"og:site_name\" content=\"Europe&#039;s Biggest Gay Ski Week | EGSW | 2026 Coming Soon\" \/>\r\n<meta property=\"article:publisher\" content=\"https:\/\/www.facebook.com\/EuropeanGaySkiWeek\/\" \/>\r\n<meta property=\"article:modified_time\" content=\"2025-09-06T12:22:19+00:00\" \/>\r\n<meta property=\"og:image\" content=\"https:\/\/cdn.europeangayskiweek.com\/wp\/uploads\/2020\/07\/facebook_og.jpg\" \/>\r\n\t<meta property=\"og:image:width\" content=\"1200\" \/>\r\n\t<meta property=\"og:image:height\" content=\"630\" \/>\r\n\t<meta property=\"og:image:type\" content=\"image\/jpeg\" \/>\r\n<meta name=\"twitter:card\" content=\"summary_large_image\" \/>\r\n<meta name=\"twitter:site\" content=\"@EuropeanGaySkiW\" \/>\r\n<meta name=\"twitter:label1\" content=\"Dur\u00e9e de lecture estim\u00e9e\" \/>\n\t<meta name=\"twitter:data1\" content=\"2 minutes\" \/>\r\n<script type=\"application\/ld+json\" class=\"yoast-schema-graph\">{\"@context\":\"https:\/\/schema.org\",\"@graph\":[{\"@type\":\"WebPage\",\"@id\":\"https:\/\/www.europeangayskiweek.com\/fr\/solo-travellers\/\",\"url\":\"https:\/\/www.europeangayskiweek.com\/fr\/solo-travellers\/\",\"name\":\"La Plus Grande Gay Ski Week d'Europe | EGSW | 22-29 Mar 2025\",\"isPartOf\":{\"@id\":\"https:\/\/www.europeangayskiweek.com\/#website\"},\"primaryImageOfPage\":{\"@id\":\"https:\/\/www.europeangayskiweek.com\/fr\/solo-travellers\/#primaryimage\"},\"image\":{\"@id\":\"https:\/\/www.europeangayskiweek.com\/fr\/solo-travellers\/#primaryimage\"},\"thumbnailUrl\":\"https:\/\/cdn.europeangayskiweek.com\/wp\/uploads\/2019\/06\/outline-12.png\",\"datePublished\":\"2019-06-24T13:25:27+00:00\",\"dateModified\":\"2025-09-06T12:22:19+00:00\",\"description\":\"European Gay Ski Week, la plus grande semaine de ski gay d'Europe, un brillant Apr\u00e8s, des spectacles fabuleux, un cabaret hilarant et des soir\u00e9es fantastiques.\",\"breadcrumb\":{\"@id\":\"https:\/\/www.europeangayskiweek.com\/fr\/solo-travellers\/#breadcrumb\"},\"inLanguage\":\"fr-FR\",\"potentialAction\":[{\"@type\":\"ReadAction\",\"target\":[\"https:\/\/www.europeangayskiweek.com\/fr\/solo-travellers\/\"]}]},{\"@type\":\"ImageObject\",\"inLanguage\":\"fr-FR\",\"@id\":\"https:\/\/www.europeangayskiweek.com\/fr\/solo-travellers\/#primaryimage\",\"url\":\"https:\/\/cdn.europeangayskiweek.com\/wp\/uploads\/2019\/06\/outline-12.png\",\"contentUrl\":\"https:\/\/cdn.europeangayskiweek.com\/wp\/uploads\/2019\/06\/outline-12.png\"},{\"@type\":\"BreadcrumbList\",\"@id\":\"https:\/\/www.europeangayskiweek.com\/fr\/solo-travellers\/#breadcrumb\",\"itemListElement\":[{\"@type\":\"ListItem\",\"position\":1,\"name\":\"Home\",\"item\":\"https:\/\/www.europeangayskiweek.com\/fr\/\"},{\"@type\":\"ListItem\",\"position\":2,\"name\":\"Voyageurs Seuls\"}]},{\"@type\":\"WebSite\",\"@id\":\"https:\/\/www.europeangayskiweek.com\/#website\",\"url\":\"https:\/\/www.europeangayskiweek.com\/\",\"name\":\"European Gay Ski Week | The Biggest Gay Winter Sports and Music Festival | Les Arcs Paradiski | 21-28 March 2020\",\"description\":\"Europe&#039;s N\u00b01 Gay Winter Sports &amp; Music Festival | Les Arcs - Arc 1950 &amp; Arc 2000 - Paradiski | European Gay Ski Week with International DJs &amp; Artists\",\"publisher\":{\"@id\":\"https:\/\/www.europeangayskiweek.com\/#organization\"},\"potentialAction\":[{\"@type\":\"SearchAction\",\"target\":{\"@type\":\"EntryPoint\",\"urlTemplate\":\"https:\/\/www.europeangayskiweek.com\/?s={search_term_string}\"},\"query-input\":{\"@type\":\"PropertyValueSpecification\",\"valueRequired\":true,\"valueName\":\"search_term_string\"}}],\"inLanguage\":\"fr-FR\"},{\"@type\":\"Organization\",\"@id\":\"https:\/\/www.europeangayskiweek.com\/#organization\",\"name\":\"European Gay Ski Week\",\"url\":\"https:\/\/www.europeangayskiweek.com\/\",\"logo\":{\"@type\":\"ImageObject\",\"inLanguage\":\"fr-FR\",\"@id\":\"https:\/\/www.europeangayskiweek.com\/#\/schema\/logo\/image\/\",\"url\":\"https:\/\/cdn.europeangayskiweek.com\/wp\/uploads\/2019\/06\/EGSW-Dateless-Black-02b.png\",\"contentUrl\":\"https:\/\/cdn.europeangayskiweek.com\/wp\/uploads\/2019\/06\/EGSW-Dateless-Black-02b.png\",\"width\":1346,\"height\":442,\"caption\":\"European Gay Ski Week\"},\"image\":{\"@id\":\"https:\/\/www.europeangayskiweek.com\/#\/schema\/logo\/image\/\"},\"sameAs\":[\"https:\/\/www.facebook.com\/EuropeanGaySkiWeek\/\",\"https:\/\/x.com\/EuropeanGaySkiW\",\"https:\/\/www.instagram.com\/europeangayskiweek\/\",\"https:\/\/www.youtube.com\/user\/JonHuntEGSW\"]}]}<\/script>\r\n<!-- \/ Yoast SEO plugin. -->","yoast_head_json":{"title":"La Plus Grande Gay Ski Week d'Europe | EGSW | 22-29 Mar 2025","description":"European Gay Ski Week, la plus grande semaine de ski gay d'Europe, un brillant Apr\u00e8s, des spectacles fabuleux, un cabaret hilarant et des soir\u00e9es fantastiques.","robots":{"index":"index","follow":"follow","max-snippet":"max-snippet:-1","max-image-preview":"max-image-preview:large","max-video-preview":"max-video-preview:-1"},"canonical":"https:\/\/www.europeangayskiweek.com\/fr\/solo-travellers\/","og_locale":"fr_FR","og_type":"article","og_title":"La Plus Grande Gay Ski Week d'Europe | EGSW | 22-29 Mar 2025","og_description":"European Gay Ski Week, la plus grande semaine de ski gay d'Europe, un brillant Apr\u00e8s, des spectacles fabuleux, un cabaret hilarant et des soir\u00e9es fantastiques.","og_url":"https:\/\/www.europeangayskiweek.com\/fr\/solo-travellers\/","og_site_name":"Europe&#039;s Biggest Gay Ski Week | EGSW | 2026 Coming Soon","article_publisher":"https:\/\/www.facebook.com\/EuropeanGaySkiWeek\/","article_modified_time":"2025-09-06T12:22:19+00:00","og_image":[{"width":1200,"height":630,"url":"https:\/\/cdn.europeangayskiweek.com\/wp\/uploads\/2020\/07\/facebook_og.jpg","type":"image\/jpeg"}],"twitter_card":"summary_large_image","twitter_site":"@EuropeanGaySkiW","twitter_misc":{"Dur\u00e9e de lecture estim\u00e9e":"2 minutes"},"schema":{"@context":"https:\/\/schema.org","@graph":[{"@type":"WebPage","@id":"https:\/\/www.europeangayskiweek.com\/fr\/solo-travellers\/","url":"https:\/\/www.europeangayskiweek.com\/fr\/solo-travellers\/","name":"La Plus Grande Gay Ski Week d'Europe | EGSW | 22-29 Mar 2025","isPartOf":{"@id":"https:\/\/www.europeangayskiweek.com\/#website"},"primaryImageOfPage":{"@id":"https:\/\/www.europeangayskiweek.com\/fr\/solo-travellers\/#primaryimage"},"image":{"@id":"https:\/\/www.europeangayskiweek.com\/fr\/solo-travellers\/#primaryimage"},"thumbnailUrl":"https:\/\/cdn.europeangayskiweek.com\/wp\/uploads\/2019\/06\/outline-12.png","datePublished":"2019-06-24T13:25:27+00:00","dateModified":"2025-09-06T12:22:19+00:00","description":"European Gay Ski Week, la plus grande semaine de ski gay d'Europe, un brillant Apr\u00e8s, des spectacles fabuleux, un cabaret hilarant et des soir\u00e9es fantastiques.","breadcrumb":{"@id":"https:\/\/www.europeangayskiweek.com\/fr\/solo-travellers\/#breadcrumb"},"inLanguage":"fr-FR","potentialAction":[{"@type":"ReadAction","target":["https:\/\/www.europeangayskiweek.com\/fr\/solo-travellers\/"]}]},{"@type":"ImageObject","inLanguage":"fr-FR","@id":"https:\/\/www.europeangayskiweek.com\/fr\/solo-travellers\/#primaryimage","url":"https:\/\/cdn.europeangayskiweek.com\/wp\/uploads\/2019\/06\/outline-12.png","contentUrl":"https:\/\/cdn.europeangayskiweek.com\/wp\/uploads\/2019\/06\/outline-12.png"},{"@type":"BreadcrumbList","@id":"https:\/\/www.europeangayskiweek.com\/fr\/solo-travellers\/#breadcrumb","itemListElement":[{"@type":"ListItem","position":1,"name":"Home","item":"https:\/\/www.europeangayskiweek.com\/fr\/"},{"@type":"ListItem","position":2,"name":"Voyageurs Seuls"}]},{"@type":"WebSite","@id":"https:\/\/www.europeangayskiweek.com\/#website","url":"https:\/\/www.europeangayskiweek.com\/","name":"European Gay Ski Week | The Biggest Gay Winter Sports and Music Festival | Les Arcs Paradiski | 21-28 March 2020","description":"Europe&#039;s N\u00b01 Gay Winter Sports &amp; Music Festival | Les Arcs - Arc 1950 &amp; Arc 2000 - Paradiski | European Gay Ski Week with International DJs &amp; Artists","publisher":{"@id":"https:\/\/www.europeangayskiweek.com\/#organization"},"potentialAction":[{"@type":"SearchAction","target":{"@type":"EntryPoint","urlTemplate":"https:\/\/www.europeangayskiweek.com\/?s={search_term_string}"},"query-input":{"@type":"PropertyValueSpecification","valueRequired":true,"valueName":"search_term_string"}}],"inLanguage":"fr-FR"},{"@type":"Organization","@id":"https:\/\/www.europeangayskiweek.com\/#organization","name":"European Gay Ski Week","url":"https:\/\/www.europeangayskiweek.com\/","logo":{"@type":"ImageObject","inLanguage":"fr-FR","@id":"https:\/\/www.europeangayskiweek.com\/#\/schema\/logo\/image\/","url":"https:\/\/cdn.europeangayskiweek.com\/wp\/uploads\/2019\/06\/EGSW-Dateless-Black-02b.png","contentUrl":"https:\/\/cdn.europeangayskiweek.com\/wp\/uploads\/2019\/06\/EGSW-Dateless-Black-02b.png","width":1346,"height":442,"caption":"European Gay Ski Week"},"image":{"@id":"https:\/\/www.europeangayskiweek.com\/#\/schema\/logo\/image\/"},"sameAs":["https:\/\/www.facebook.com\/EuropeanGaySkiWeek\/","https:\/\/x.com\/EuropeanGaySkiW","https:\/\/www.instagram.com\/europeangayskiweek\/","https:\/\/www.youtube.com\/user\/JonHuntEGSW"]}]}},"_links":{"self":[{"href":"https:\/\/www.europeangayskiweek.com\/fr\/wp-json\/wp\/v2\/pages\/13566","targetHints":{"allow":["GET"]}}],"collection":[{"href":"https:\/\/www.europeangayskiweek.com\/fr\/wp-json\/wp\/v2\/pages"}],"about":[{"href":"https:\/\/www.europeangayskiweek.com\/fr\/wp-json\/wp\/v2\/types\/page"}],"author":[{"embeddable":true,"href":"https:\/\/www.europeangayskiweek.com\/fr\/wp-json\/wp\/v2\/users\/4"}],"replies":[{"embeddable":true,"href":"https:\/\/www.europeangayskiweek.com\/fr\/wp-json\/wp\/v2\/comments?post=13566"}],"version-history":[{"count":15,"href":"https:\/\/www.europeangayskiweek.com\/fr\/wp-json\/wp\/v2\/pages\/13566\/revisions"}],"predecessor-version":[{"id":23455,"href":"https:\/\/www.europeangayskiweek.com\/fr\/wp-json\/wp\/v2\/pages\/13566\/revisions\/23455"}],"wp:attachment":[{"href":"https:\/\/www.europeangayskiweek.com\/fr\/wp-json\/wp\/v2\/media?parent=13566"}],"curies":[{"name":"wp","href":"https:\/\/api.w.org\/{rel}","templated":true}]}}