{"id":13565,"date":"2018-05-23T15:11:51","date_gmt":"2018-05-23T14:11:51","guid":{"rendered":"https:\/\/e21.europeangayskiweek.com\/?page_id=13565"},"modified":"2025-09-24T10:23:03","modified_gmt":"2025-09-24T09:23:03","slug":"privacy-policy","status":"publish","type":"page","link":"https:\/\/www.europeangayskiweek.com\/fr\/privacy-policy\/","title":{"rendered":"Politique de Confidentialit\u00e9"},"content":{"rendered":"<section class=\"kc-elm kc-css-866101 kc_row\"><div class=\"kc-row-container  kc-container\"><div class=\"kc-wrap-columns\"><div class=\"kc-elm kc-css-4565 kc_col-sm-8 kc_column kc_col-sm-8\"><div class=\"kc-col-container\"><div class=\"kc-elm kc-css-407366 kc_text_block\"><\/p>\n<p><b style=\"font-style: inherit;\">Nous sommes EGSW Events Ltd, une soci\u00e9t\u00e9 constitu\u00e9e en Irlande. Notre num\u00e9ro d'entreprise est le 06440491 et notre si\u00e8ge social est Coliemore House, Coliemore Road, Dalkey, Co.Dublin, A96 A8D5, Irlande.<\/b><\/p>\n<p><strong>Notre engagement concernant les donn\u00e9es personnelles<\/strong><\/p>\n<p>Nous veillons \u00e0 la protection de vos donn\u00e9es personnelles. A cette fin, nous avons publi\u00e9 cette notice explicative d\u00e9crivant nos pratiques relatives aux informations en ligne et \u00e0 la possibilit\u00e9 qui vous est faite de d\u00e9cider de la mani\u00e8re dont ces donn\u00e9es sont collect\u00e9es et utilis\u00e9es. Pour qu'elle soit facile \u00e0 trouver, cette notice figure sur la home page de ce site web ainsi que sur toutes les pages du site sur lesquelles des informations personnelles sont susceptibles d'\u00eatre collect\u00e9es.<\/p>\n<p><strong>Les informations que nous collectons :<\/strong><\/p>\n<p>Cette notice est valable pour l'ensemble des donn\u00e9es personnelles collect\u00e9es ou transmises \u00e0 ce site. Sur certaines pages, il vous est possible de commander des produits, de faire des requ\u00eates et de vous enregistrer pour recevoir de la documentation. Ces informations collect\u00e9es concernent:<\/p>\n<p>votre nom<br \/>votre adresse<br \/>votre adresse mail<br \/>votre num\u00e9ro de t\u00e9l\u00e9phone<br \/>votre date de naissance<br \/>votre genre<br \/>votre pays<br \/>votre langage pr\u00e9f\u00e9r\u00e9<\/p>\n<p>Sur certaines pages vous pouvez envoyer des donn\u00e9es relatives \u00e0 d'autres personnes. Par exemple, si vous commandez en ligne, et souhaitez que la livraison se fasse directement aupr\u00e8s du destinatiare, vous serez amen\u00e9 \u00e0 renseigner l'adresse du destinataire. Dans ce cas, les informations collect\u00e9es concernent:<\/p>\n<p>le nom du destinataire<br \/>son adresse<br \/>son adresse mail<\/p>\n<p>son num\u00e9ro de t\u00e9l\u00e9phone<\/p>\n<p>Les informations que nous ne collectons pas:<\/p>\n<p>les numeros de carte de cr\u00e9dit<\/p>\n<p>Notre utilisation des informations collect\u00e9es:<\/p>\n<p>Nous utilisons les informations que vous nous soumettez lors d'une commande, pour ex\u00e9cuter cette commande et vous informer des \u00e9ventuelles mises \u00e0 jour relatives \u00e0 nos produits et services.<\/p>\n<p>Nous utilisons les informations que vous nous soumettez lors d'une commande \u00e0 propos d'une autre personne, pour fournir les services demand\u00e9s, si n\u00e9cessaire pour demander la confirmation de la r\u00e9ception des produits, et pour informer la personne des \u00e9ventuelles mises \u00e0 jour relatives \u00e0 nos produits et services.<\/p>\n<p>Nous utilisons les adresses mail pour r\u00e9pondre aux mails que nous recevons et pour vous informer des \u00e9ventuelles mises \u00e0 jour relatives \u00e0 nos produits et services.<\/p>\n<p>Vous pouvez vous enregistrer sur notre site web, si vous souhaitez recevoir des mises \u00e0 jour relatives \u00e0 nos produits et services.<\/p>\n<p>Nous pouvons utiliser des informations qui ne permettent pas l'identification de la personne, dans un but d'am\u00e9liorer le design de notre site. Nous pouvons \u00eatre amen\u00e9s \u00e0 partager ces informations avec des annonceurs. Par exemple, nous pouvons informer un annonceur qu'un certain nombre de personnes ont visit\u00e9 telle zone du site web, ou de la proportion des visiteurs de sexe masculin ou f\u00e9minin. Cependant nous ne transmettons aucune information susceptible de permettre l'identification des visiteurs.<\/p>\n<p>Egalement nous ne partageons aucune information permettant l'identification, si vous avez manifest\u00e9 votre souhait en ce sens en vous inscrivant sur le site.<\/p>\n<p><strong>Notre engagement quant \u00e0 la s\u00e9curit\u00e9 des donn\u00e9es personnelles<\/strong><\/p>\n<p>Afin de pr\u00e9venir un acc\u00e8s non autoris\u00e9, de maintenir la pr\u00e9cision des donn\u00e9es, et d'assurer une utilisation correcte des informations, nous avons mis en place tous les moyens n\u00e9cessaires physiques, \u00e9lectroniques, proc\u00e9dures internes pour permettre de s\u00e9curiser les informations que nous collectons en ligne.<\/p>\n<p><strong>Comment acc\u00e9der ou modifier vos donn\u00e9es personnelles<\/strong><\/p>\n<p>Vous pouvez acc\u00e9der aux donn\u00e9es personnelles que nous collectons en ligne et administrons en nous appelant ou en nous envoyant un email. Nous utilisons cette proc\u00e9dure pour s\u00e9curiser vos informations personnelles.<\/p>\n<p>Vous pouvez demander une mise \u00e0 jour des donn\u00e9es vous concernant en nous envoyant une requ\u00eate en ce sens.<\/p>\n<p>Pour prot\u00e9ger vos donn\u00e9es personnelles, nous mettrons en oeuvre les moyens n\u00e9cessaires \u00e0 la v\u00e9rification de votre identit\u00e9, avant de vous octroyer les droits de modification.<\/p>\n<p><strong>Nous contacter<\/strong><\/p>\n<p>Dans le cas o\u00f9 vous auriez d'autres questions concernant la protection de vos donn\u00e9es personnelles, <a href=\"https:\/\/www.europeangayskiweek.com\/fr\/contact\/\">merci de nous contacter<\/a>.<\/p>\n<p style=\"color: #ffffff;\"><!-- 781821f5cd31017eab40ac2b8805ad98 --><\/p>\n<p>\n<\/div><\/div><\/div><div class=\"kc-elm kc-css-981195 kc_col-sm-4 kc_column kc_col-sm-4\"><div class=\"kc-col-container\"><div class=\"kc-elm kc-css-70559 widget-area kc-wp-sidebar\"><aside id=\"nav_menu-12\" class=\"widget widget_nav_menu\"><h3 class=\"widget-title\">Le Petit Menu<\/h3><div class=\"menu-right-sidebar-main-french-container\"><ul id=\"menu-right-sidebar-main-french\" class=\"menu\"><li id=\"menu-item-13892\" class=\"menu-item menu-item-type-post_type menu-item-object-page menu-item-13892\"><a href=\"https:\/\/www.europeangayskiweek.com\/fr\/how-to-book\/\">Comment R\u00e9server ?<\/a><\/li>\n<li id=\"menu-item-13893\" class=\"menu-item menu-item-type-post_type menu-item-object-page menu-item-13893\"><a href=\"https:\/\/www.europeangayskiweek.com\/fr\/foire-aux-questions\/\">Foire aux Questions<\/a><\/li>\n<li id=\"menu-item-13894\" class=\"menu-item menu-item-type-post_type menu-item-object-page menu-item-13894\"><a href=\"https:\/\/www.europeangayskiweek.com\/fr\/?page_id=13680\">Ski Week Virgin<\/a><\/li>\n<li id=\"menu-item-13895\" class=\"menu-item menu-item-type-post_type menu-item-object-page menu-item-13895\"><a href=\"https:\/\/www.europeangayskiweek.com\/fr\/hebergement-prix-garantie\/\">Garantie Prix<\/a><\/li>\n<li id=\"menu-item-13896\" class=\"menu-item menu-item-type-post_type menu-item-object-page menu-item-13896\"><a href=\"https:\/\/www.europeangayskiweek.com\/fr\/snow-miles\/\">Snow Miles<\/a><\/li>\n<li id=\"menu-item-13897\" class=\"menu-item menu-item-type-post_type menu-item-object-page menu-item-13897\"><a href=\"https:\/\/www.europeangayskiweek.com\/fr\/ski-week-virgin\/egsw-tokens\/\">EGSW Token System<\/a><\/li>\n<li id=\"menu-item-13898\" class=\"menu-item menu-item-type-post_type menu-item-object-page menu-item-13898\"><a href=\"https:\/\/www.europeangayskiweek.com\/fr\/contact\/\">Contact<\/a><\/li>\n<\/ul><\/div><\/aside><aside id=\"nav_menu-13\" class=\"widget widget_nav_menu\"><h3 class=\"widget-title\">Les Petites Lettres<\/h3><div class=\"menu-right-sidebar-sub-french-container\"><ul id=\"menu-right-sidebar-sub-french\" class=\"menu\"><li id=\"menu-item-13888\" class=\"menu-item menu-item-type-post_type menu-item-object-page menu-item-13888\"><a href=\"https:\/\/www.europeangayskiweek.com\/fr\/privacy-policy\/\">Politique de Confidentialit\u00e9<\/a><\/li>\n<li id=\"menu-item-13889\" class=\"menu-item menu-item-type-post_type menu-item-object-page menu-item-13889\"><a href=\"https:\/\/www.europeangayskiweek.com\/fr\/conditions-generales-de-reservation\/\">Conditions G\u00e9n\u00e9rales de R\u00e9servation<\/a><\/li>\n<li id=\"menu-item-13890\" class=\"menu-item menu-item-type-post_type menu-item-object-page menu-item-13890\"><a href=\"https:\/\/www.europeangayskiweek.com\/fr\/conditions-generales-snowmiles\/\">Conditions G\u00e9n\u00e9rales Snow Miles<\/a><\/li>\n<li id=\"menu-item-13891\" class=\"menu-item menu-item-type-post_type menu-item-object-page menu-item-13891\"><a href=\"https:\/\/www.europeangayskiweek.com\/fr\/egsw-prix-garantis\/\">Conditions g\u00e9n\u00e9rales de la Garantie Prix<\/a><\/li>\n<\/ul><\/div><\/aside><aside id=\"text-13\" class=\"widget widget_text\">\t\t\t<div class=\"textwidget\"><p style=\"text-align: center;\"><img loading=\"lazy\" decoding=\"async\" class=\"alignnone size-full wp-image-13517\" src=\"https:\/\/cdn.europeangayskiweek.com\/wp\/uploads\/2019\/06\/outlined-big-boy-skis.png\" alt=\"\" width=\"460\" height=\"888\" srcset=\"https:\/\/cdn.europeangayskiweek.com\/wp\/uploads\/2019\/06\/outlined-big-boy-skis.png 460w, https:\/\/cdn.europeangayskiweek.com\/wp\/uploads\/2019\/06\/outlined-big-boy-skis-155x300.png 155w, https:\/\/cdn.europeangayskiweek.com\/wp\/uploads\/2019\/06\/outlined-big-boy-skis-233x450.png 233w\" sizes=\"auto, (max-width: 460px) 100vw, 460px\" \/><\/p>\n<\/div>\n\t\t<\/aside><\/div><\/div><\/div><\/div><\/div><\/section>\n","protected":false},"excerpt":{"rendered":"<p> [...]<\/p>\n<p><a class=\"btn btn-secondary understrap-read-more-link\" href=\"https:\/\/www.europeangayskiweek.com\/fr\/privacy-policy\/\">Read More...<\/a><\/p>\n<p> [...]<\/p>\n<p><a class=\"btn btn-secondary understrap-read-more-link\" href=\"https:\/\/www.europeangayskiweek.com\/fr\/privacy-policy\/\">Lire la suite\u2026<span class=\"screen-reader-text\"> from Politique de Confidentialit\u00e9<\/span><\/a><\/p>\n","protected":false},"author":4,"featured_media":0,"parent":0,"menu_order":0,"comment_status":"closed","ping_status":"closed","template":"page-templates\/fullwidthpage-upto1440.php","meta":{"footnotes":""},"class_list":["post-13565","page","type-page","status-publish","hentry"],"yoast_head":"<!-- This site is optimized with the Yoast SEO plugin v26.4 - https:\/\/yoast.com\/wordpress\/plugins\/seo\/ -->\r\n<title>La Plus Grande Gay Ski Week d&#039;Europe | EGSW | 22-29 Mar 2025<\/title>\r\n<meta name=\"description\" content=\"European Gay Ski Week, la plus grande semaine de ski gay d&#039;Europe, un brillant Apr\u00e8s, des spectacles fabuleux, un cabaret hilarant et des soir\u00e9es fantastiques.\" \/>\r\n<meta name=\"robots\" content=\"index, follow, max-snippet:-1, max-image-preview:large, max-video-preview:-1\" \/>\r\n<link rel=\"canonical\" href=\"https:\/\/www.europeangayskiweek.com\/fr\/privacy-policy\/\" \/>\r\n<meta property=\"og:locale\" content=\"fr_FR\" \/>\r\n<meta property=\"og:type\" content=\"article\" \/>\r\n<meta property=\"og:title\" content=\"La Plus Grande Gay Ski Week d&#039;Europe | EGSW | 22-29 Mar 2025\" \/>\r\n<meta property=\"og:description\" content=\"European Gay Ski Week, la plus grande semaine de ski gay d&#039;Europe, un brillant Apr\u00e8s, des spectacles fabuleux, un cabaret hilarant et des soir\u00e9es fantastiques.\" \/>\r\n<meta property=\"og:url\" content=\"https:\/\/www.europeangayskiweek.com\/fr\/privacy-policy\/\" \/>\r\n<meta property=\"og:site_name\" content=\"Europe&#039;s Biggest Gay Ski Week | EGSW | 2026 Coming Soon\" \/>\r\n<meta property=\"article:publisher\" content=\"https:\/\/www.facebook.com\/EuropeanGaySkiWeek\/\" \/>\r\n<meta property=\"article:modified_time\" content=\"2025-09-24T09:23:03+00:00\" \/>\r\n<meta property=\"og:image\" content=\"https:\/\/cdn.europeangayskiweek.com\/wp\/uploads\/2019\/12\/facebook_og.jpg\" \/>\r\n<meta name=\"twitter:card\" content=\"summary_large_image\" \/>\r\n<meta name=\"twitter:site\" content=\"@EuropeanGaySkiW\" \/>\r\n<meta name=\"twitter:label1\" content=\"Dur\u00e9e de lecture estim\u00e9e\" \/>\n\t<meta name=\"twitter:data1\" content=\"3 minutes\" \/>\r\n<script type=\"application\/ld+json\" class=\"yoast-schema-graph\">{\"@context\":\"https:\/\/schema.org\",\"@graph\":[{\"@type\":\"WebPage\",\"@id\":\"https:\/\/www.europeangayskiweek.com\/fr\/privacy-policy\/\",\"url\":\"https:\/\/www.europeangayskiweek.com\/fr\/privacy-policy\/\",\"name\":\"La Plus Grande Gay Ski Week d'Europe | EGSW | 22-29 Mar 2025\",\"isPartOf\":{\"@id\":\"https:\/\/www.europeangayskiweek.com\/#website\"},\"primaryImageOfPage\":{\"@id\":\"https:\/\/www.europeangayskiweek.com\/fr\/privacy-policy\/#primaryimage\"},\"image\":{\"@id\":\"https:\/\/www.europeangayskiweek.com\/fr\/privacy-policy\/#primaryimage\"},\"thumbnailUrl\":\"https:\/\/cdn.europeangayskiweek.com\/wp\/uploads\/2019\/06\/outlined-big-boy-skis.png\",\"datePublished\":\"2018-05-23T14:11:51+00:00\",\"dateModified\":\"2025-09-24T09:23:03+00:00\",\"description\":\"European Gay Ski Week, la plus grande semaine de ski gay d'Europe, un brillant Apr\u00e8s, des spectacles fabuleux, un cabaret hilarant et des soir\u00e9es fantastiques.\",\"breadcrumb\":{\"@id\":\"https:\/\/www.europeangayskiweek.com\/fr\/privacy-policy\/#breadcrumb\"},\"inLanguage\":\"fr-FR\",\"potentialAction\":[{\"@type\":\"ReadAction\",\"target\":[\"https:\/\/www.europeangayskiweek.com\/fr\/privacy-policy\/\"]}]},{\"@type\":\"ImageObject\",\"inLanguage\":\"fr-FR\",\"@id\":\"https:\/\/www.europeangayskiweek.com\/fr\/privacy-policy\/#primaryimage\",\"url\":\"https:\/\/cdn.europeangayskiweek.com\/wp\/uploads\/2019\/06\/outlined-big-boy-skis.png\",\"contentUrl\":\"https:\/\/cdn.europeangayskiweek.com\/wp\/uploads\/2019\/06\/outlined-big-boy-skis.png\"},{\"@type\":\"BreadcrumbList\",\"@id\":\"https:\/\/www.europeangayskiweek.com\/fr\/privacy-policy\/#breadcrumb\",\"itemListElement\":[{\"@type\":\"ListItem\",\"position\":1,\"name\":\"Home\",\"item\":\"https:\/\/www.europeangayskiweek.com\/fr\/\"},{\"@type\":\"ListItem\",\"position\":2,\"name\":\"Politique de Confidentialit\u00e9\"}]},{\"@type\":\"WebSite\",\"@id\":\"https:\/\/www.europeangayskiweek.com\/#website\",\"url\":\"https:\/\/www.europeangayskiweek.com\/\",\"name\":\"European Gay Ski Week | The Biggest Gay Winter Sports and Music Festival | Les Arcs Paradiski | 21-28 March 2020\",\"description\":\"Europe&#039;s N\u00b01 Gay Winter Sports &amp; Music Festival | Les Arcs - Arc 1950 &amp; Arc 2000 - Paradiski | European Gay Ski Week with International DJs &amp; Artists\",\"publisher\":{\"@id\":\"https:\/\/www.europeangayskiweek.com\/#organization\"},\"potentialAction\":[{\"@type\":\"SearchAction\",\"target\":{\"@type\":\"EntryPoint\",\"urlTemplate\":\"https:\/\/www.europeangayskiweek.com\/?s={search_term_string}\"},\"query-input\":{\"@type\":\"PropertyValueSpecification\",\"valueRequired\":true,\"valueName\":\"search_term_string\"}}],\"inLanguage\":\"fr-FR\"},{\"@type\":\"Organization\",\"@id\":\"https:\/\/www.europeangayskiweek.com\/#organization\",\"name\":\"European Gay Ski Week\",\"url\":\"https:\/\/www.europeangayskiweek.com\/\",\"logo\":{\"@type\":\"ImageObject\",\"inLanguage\":\"fr-FR\",\"@id\":\"https:\/\/www.europeangayskiweek.com\/#\/schema\/logo\/image\/\",\"url\":\"https:\/\/cdn.europeangayskiweek.com\/wp\/uploads\/2019\/06\/EGSW-Dateless-Black-02b.png\",\"contentUrl\":\"https:\/\/cdn.europeangayskiweek.com\/wp\/uploads\/2019\/06\/EGSW-Dateless-Black-02b.png\",\"width\":1346,\"height\":442,\"caption\":\"European Gay Ski Week\"},\"image\":{\"@id\":\"https:\/\/www.europeangayskiweek.com\/#\/schema\/logo\/image\/\"},\"sameAs\":[\"https:\/\/www.facebook.com\/EuropeanGaySkiWeek\/\",\"https:\/\/x.com\/EuropeanGaySkiW\",\"https:\/\/www.instagram.com\/europeangayskiweek\/\",\"https:\/\/www.youtube.com\/user\/JonHuntEGSW\"]}]}<\/script>\r\n<!-- \/ Yoast SEO plugin. -->","yoast_head_json":{"title":"La Plus Grande Gay Ski Week d'Europe | EGSW | 22-29 Mar 2025","description":"European Gay Ski Week, la plus grande semaine de ski gay d'Europe, un brillant Apr\u00e8s, des spectacles fabuleux, un cabaret hilarant et des soir\u00e9es fantastiques.","robots":{"index":"index","follow":"follow","max-snippet":"max-snippet:-1","max-image-preview":"max-image-preview:large","max-video-preview":"max-video-preview:-1"},"canonical":"https:\/\/www.europeangayskiweek.com\/fr\/privacy-policy\/","og_locale":"fr_FR","og_type":"article","og_title":"La Plus Grande Gay Ski Week d'Europe | EGSW | 22-29 Mar 2025","og_description":"European Gay Ski Week, la plus grande semaine de ski gay d'Europe, un brillant Apr\u00e8s, des spectacles fabuleux, un cabaret hilarant et des soir\u00e9es fantastiques.","og_url":"https:\/\/www.europeangayskiweek.com\/fr\/privacy-policy\/","og_site_name":"Europe&#039;s Biggest Gay Ski Week | EGSW | 2026 Coming Soon","article_publisher":"https:\/\/www.facebook.com\/EuropeanGaySkiWeek\/","article_modified_time":"2025-09-24T09:23:03+00:00","og_image":[{"url":"https:\/\/cdn.europeangayskiweek.com\/wp\/uploads\/2019\/12\/facebook_og.jpg","type":"","width":"","height":""}],"twitter_card":"summary_large_image","twitter_site":"@EuropeanGaySkiW","twitter_misc":{"Dur\u00e9e de lecture estim\u00e9e":"3 minutes"},"schema":{"@context":"https:\/\/schema.org","@graph":[{"@type":"WebPage","@id":"https:\/\/www.europeangayskiweek.com\/fr\/privacy-policy\/","url":"https:\/\/www.europeangayskiweek.com\/fr\/privacy-policy\/","name":"La Plus Grande Gay Ski Week d'Europe | EGSW | 22-29 Mar 2025","isPartOf":{"@id":"https:\/\/www.europeangayskiweek.com\/#website"},"primaryImageOfPage":{"@id":"https:\/\/www.europeangayskiweek.com\/fr\/privacy-policy\/#primaryimage"},"image":{"@id":"https:\/\/www.europeangayskiweek.com\/fr\/privacy-policy\/#primaryimage"},"thumbnailUrl":"https:\/\/cdn.europeangayskiweek.com\/wp\/uploads\/2019\/06\/outlined-big-boy-skis.png","datePublished":"2018-05-23T14:11:51+00:00","dateModified":"2025-09-24T09:23:03+00:00","description":"European Gay Ski Week, la plus grande semaine de ski gay d'Europe, un brillant Apr\u00e8s, des spectacles fabuleux, un cabaret hilarant et des soir\u00e9es fantastiques.","breadcrumb":{"@id":"https:\/\/www.europeangayskiweek.com\/fr\/privacy-policy\/#breadcrumb"},"inLanguage":"fr-FR","potentialAction":[{"@type":"ReadAction","target":["https:\/\/www.europeangayskiweek.com\/fr\/privacy-policy\/"]}]},{"@type":"ImageObject","inLanguage":"fr-FR","@id":"https:\/\/www.europeangayskiweek.com\/fr\/privacy-policy\/#primaryimage","url":"https:\/\/cdn.europeangayskiweek.com\/wp\/uploads\/2019\/06\/outlined-big-boy-skis.png","contentUrl":"https:\/\/cdn.europeangayskiweek.com\/wp\/uploads\/2019\/06\/outlined-big-boy-skis.png"},{"@type":"BreadcrumbList","@id":"https:\/\/www.europeangayskiweek.com\/fr\/privacy-policy\/#breadcrumb","itemListElement":[{"@type":"ListItem","position":1,"name":"Home","item":"https:\/\/www.europeangayskiweek.com\/fr\/"},{"@type":"ListItem","position":2,"name":"Politique de Confidentialit\u00e9"}]},{"@type":"WebSite","@id":"https:\/\/www.europeangayskiweek.com\/#website","url":"https:\/\/www.europeangayskiweek.com\/","name":"European Gay Ski Week | The Biggest Gay Winter Sports and Music Festival | Les Arcs Paradiski | 21-28 March 2020","description":"Europe&#039;s N\u00b01 Gay Winter Sports &amp; Music Festival | Les Arcs - Arc 1950 &amp; Arc 2000 - Paradiski | European Gay Ski Week with International DJs &amp; Artists","publisher":{"@id":"https:\/\/www.europeangayskiweek.com\/#organization"},"potentialAction":[{"@type":"SearchAction","target":{"@type":"EntryPoint","urlTemplate":"https:\/\/www.europeangayskiweek.com\/?s={search_term_string}"},"query-input":{"@type":"PropertyValueSpecification","valueRequired":true,"valueName":"search_term_string"}}],"inLanguage":"fr-FR"},{"@type":"Organization","@id":"https:\/\/www.europeangayskiweek.com\/#organization","name":"European Gay Ski Week","url":"https:\/\/www.europeangayskiweek.com\/","logo":{"@type":"ImageObject","inLanguage":"fr-FR","@id":"https:\/\/www.europeangayskiweek.com\/#\/schema\/logo\/image\/","url":"https:\/\/cdn.europeangayskiweek.com\/wp\/uploads\/2019\/06\/EGSW-Dateless-Black-02b.png","contentUrl":"https:\/\/cdn.europeangayskiweek.com\/wp\/uploads\/2019\/06\/EGSW-Dateless-Black-02b.png","width":1346,"height":442,"caption":"European Gay Ski Week"},"image":{"@id":"https:\/\/www.europeangayskiweek.com\/#\/schema\/logo\/image\/"},"sameAs":["https:\/\/www.facebook.com\/EuropeanGaySkiWeek\/","https:\/\/x.com\/EuropeanGaySkiW","https:\/\/www.instagram.com\/europeangayskiweek\/","https:\/\/www.youtube.com\/user\/JonHuntEGSW"]}]}},"_links":{"self":[{"href":"https:\/\/www.europeangayskiweek.com\/fr\/wp-json\/wp\/v2\/pages\/13565","targetHints":{"allow":["GET"]}}],"collection":[{"href":"https:\/\/www.europeangayskiweek.com\/fr\/wp-json\/wp\/v2\/pages"}],"about":[{"href":"https:\/\/www.europeangayskiweek.com\/fr\/wp-json\/wp\/v2\/types\/page"}],"author":[{"embeddable":true,"href":"https:\/\/www.europeangayskiweek.com\/fr\/wp-json\/wp\/v2\/users\/4"}],"replies":[{"embeddable":true,"href":"https:\/\/www.europeangayskiweek.com\/fr\/wp-json\/wp\/v2\/comments?post=13565"}],"version-history":[{"count":9,"href":"https:\/\/www.europeangayskiweek.com\/fr\/wp-json\/wp\/v2\/pages\/13565\/revisions"}],"predecessor-version":[{"id":23755,"href":"https:\/\/www.europeangayskiweek.com\/fr\/wp-json\/wp\/v2\/pages\/13565\/revisions\/23755"}],"wp:attachment":[{"href":"https:\/\/www.europeangayskiweek.com\/fr\/wp-json\/wp\/v2\/media?parent=13565"}],"curies":[{"name":"wp","href":"https:\/\/api.w.org\/{rel}","templated":true}]}}